{"id":6634,"date":"2018-04-09T09:34:17","date_gmt":"2018-04-09T07:34:17","guid":{"rendered":"https:\/\/www.dyflexis.com\/?page_id=6634"},"modified":"2026-04-02T08:47:18","modified_gmt":"2026-04-02T06:47:18","slug":"kontakt","status":"publish","type":"page","link":"https:\/\/www.dyflexis.com\/de\/kontakt\/","title":{"rendered":"Kontakt"},"content":{"rendered":"\n\n\n\n<div class=\"tw-z-10 block__banner block__banner--image tw-bg-center tw-py-20 container-padding-mobile lg:tw-px-0 tw-relative tw-bg-cover tw-bg-no-repeat tw-min-h-[500px] lg:tw-min-h-[600px] tw-flex tw-items-center\" style=\"--bg-image: url(https:\/\/www.dyflexis.com\/de\/wp-content\/uploads\/2026\/02\/Contact-2.png); --bg-image-tablet: url(https:\/\/www.dyflexis.com\/de\/wp-content\/uploads\/2026\/02\/Contact-2.png); --bg-image-mobile: url(https:\/\/www.dyflexis.com\/de\/wp-content\/uploads\/2026\/02\/Contact-2.png)\" >\n    \n    <div class=\"block__banner__content tw-w-full tw-mx-auto tw-max-w-[1124px] tw-relative tw-z-10\">\n        <div class=\"tw-flex tw-flex-col tw-flex tw-flex-col tw-gap-[80px] lg:tw-gap-[160px]\">\n\n\n<div class=\"text-block vertical-grow-allowed tw-flex tw-flex-col tw-gap-5 md:tw-gap-10  \">\n\t\t\t<div class=\"text-block__title-wrapper tw-flex tw-flex-col tw-items-start md:tw-flex-row tw-flex-wrap md:tw-items-center tw-justify-between tw-gap-4\">\n\t\t\t\t\t\t\t<h1 class=\" tw-m-0\">\n\t\t\t\t\t\t\t\t\t\tKontakt\t\t\t\t<\/h1>\n\t\t\t\n\t\t\t\t\t<\/div>\n\t\n\t\t\t<div class=\"text-block__content wysiwyg__content\">\n\t\t\t<div class=\"wysiwyg__content\"><p>Wenn Sie Fragen haben oder Kontakt aufnehmen m\u00f6chten,<br \/>\nsteht Ihnen unser Team jederzeit zur Verf\u00fcgung.<\/p>\n<\/div>\t\t<\/div>\n\t\t\n\t<\/div>\n<\/div>\n    <\/div>\n\n    <\/div>\n\n\n<div class=\"block__background  container-padding-mobile lg:container-padding-desktop break-container-padding tw-relative tw-bg-transparent tw-pt-[80px] tw-pb-[40px] tw-bg-cover tw-bg-no-repeat 3xl:!tw-bg-none\" style=\"\">\n\t\n\t\n\t<div class=\"block__background__content tw-w-full tw-mx-auto tw-max-w-[1352px] tw-relative tw-z-10\">\n\t\t<div class=\"block__background__columns__container tw-flex tw-flex-col tw-flex tw-flex-col tw-gap-[80px] lg:tw-gap-[160px]\">\n\n\n<div class=\"text-block vertical-grow-allowed tw-flex tw-flex-col tw-gap-5 md:tw-gap-10  \">\n\t\t\t<div class=\"text-block__title-wrapper tw-flex tw-flex-col tw-items-start md:tw-flex-row tw-flex-wrap md:tw-items-center tw-justify-between tw-gap-4\">\n\t\t\t\t\t\t\t<h2 class=\" tw-m-0\">\n\t\t\t\t\t\t\t\t\t\tEUROPA\t\t\t\t<\/h2>\n\t\t\t\n\t\t\t\t\t<\/div>\n\t\n\t\t\n\t<\/div>\n<\/div>\n\t<\/div>\n\n    <\/div>\n\n\n\n<div class=\"block__background  container-padding-mobile lg:container-padding-desktop break-container-padding tw-relative tw-bg-transparent tw-pt-0 tw-pb-[80px] tw-bg-cover tw-bg-no-repeat 3xl:!tw-bg-none\" style=\"\">\n\t\n\t\n\t<div class=\"block__background__content tw-w-full tw-mx-auto tw-max-w-[1352px] tw-relative tw-z-10\">\n\t\t<div class=\"block__background__columns__container tw-flex tw-flex-col tw-flex tw-flex-col tw-gap-[40px] lg:tw-gap-[80px]\">\n\n<div class=\"wp-block-columns layout-two-columns is-layout-flex wp-container-core-columns-is-layout-9d6595d7 wp-block-columns-is-layout-flex\">\n<div class=\"wp-block-column is-vertically-aligned-center column-50 is-layout-flow wp-block-column-is-layout-flow\">\n<div class=\"location tw-overflow-hidden tw-rounded-[20px]\">\n    \n    <div class=\"location__content tw-bg-white tw-p-8 lg:tw-px-[80px] lg:tw-pt-[40px] lg:tw-pb-[45px]\">\n                    <div class=\"location__details tw-grid tw-grid-cols-1 min-[500px]:tw-grid-cols-2 md:tw-grid-cols-1 min-[921px]:tw-grid-cols-2 tw-gap-6 lg:tw-gap-x-[45px] lg:tw-gap-y-[50px] tw-mb-[52px]\">\n                                    <div class=\"location__detail\">\n                                                    <h3 class=\"small tw-mb-5 tw-block\">\n                                Hauptsitz                            <\/h3>\n                                                                            <div class=\"location__detail-content !tw-text-core\">\n                                <div class=\"wysiwyg__content\"><p>Dyflexis GmbH<br \/>\n<a href=\"https:\/\/www.google.com\/maps\/place\/K%C3%B6nigsallee+27,+40212+D%C3%BCsseldorf,+Duitsland\/@51.2241894,6.7757416,17z\/data=!3m1!4b1!4m6!3m5!1s0x47b8ca3d35fc23b9:0x4734fa1eee128d9a!8m2!3d51.2241894!4d6.7783165!16s%2Fg%2F11rg65zhj0?entry=ttu&amp;g_ep=EgoyMDI1MDUyOC4wIKXMDSoASAFQAw%3D%3D\" target=\"_blank\" rel=\"noopener\">K\u00f6nigsallee 27<\/a><br \/>\n<a href=\"https:\/\/www.google.com\/maps\/place\/K%C3%B6nigsallee+27,+40212+D%C3%BCsseldorf,+Duitsland\/@51.2241894,6.7757416,17z\/data=!3m1!4b1!4m6!3m5!1s0x47b8ca3d35fc23b9:0x4734fa1eee128d9a!8m2!3d51.2241894!4d6.7783165!16s%2Fg%2F11rg65zhj0?entry=ttu&amp;g_ep=EgoyMDI1MDUyOC4wIKXMDSoASAFQAw%3D%3D\" target=\"_blank\" rel=\"noopener\">40212 D\u00fcsseldorf<br \/>\nGermany<\/a><\/p>\n<\/div>                            <\/div>\n                                            <\/div>\n                                    <div class=\"location__detail\">\n                                                    <h3 class=\"small tw-mb-5 tw-block\">\n                                Allgemein                            <\/h3>\n                                                                            <div class=\"location__detail-content !tw-text-core\">\n                                <div class=\"wysiwyg__content\"><p><a href=\"tel:+49 211 418 727 00\">+49 211 418 727 00<\/a><br \/>\n<a href=\"mailto:info@dyflexis.de\">info@dyflexis.de<\/a><\/p>\n<\/div>                            <\/div>\n                                            <\/div>\n                                    <div class=\"location__detail\">\n                                                    <h3 class=\"small tw-mb-5 tw-block\">\n                                \u00d6ffnungszeiten                            <\/h3>\n                                                                            <div class=\"location__detail-content !tw-text-core\">\n                                <div class=\"wysiwyg__content\"><p>Montag bis Freitag<br \/>\n09:00 bis 17:00 Uhr<\/p>\n<p>&nbsp;<\/p>\n<p>IHK:<span>\u00a0<\/span><span data-teams=\"true\">HRB 88135<br \/>\nAmtsgericht D\u00fcsseldorf<\/span><\/p>\n<p>&nbsp;<\/p>\n<p>USt-ID:<span>\u00a0<\/span><span>DE327025751<\/span><\/p>\n<\/div>                            <\/div>\n                                            <\/div>\n                                    <div class=\"location__detail\">\n                                                    <h3 class=\"small tw-mb-5 tw-block\">\n                                Support                            <\/h3>\n                                                                            <div class=\"location__detail-content !tw-text-core\">\n                                <div class=\"wysiwyg__content\"><p><a href=\"tel:+4921141872707\"><span data-teams=\"true\">+49 211 418 727 07<\/span><\/a><br \/>\n<a href=\"mailto:support@dyflexis.com\">support@dyflexis.com<\/a><\/p>\n<\/div>                            <\/div>\n                                            <\/div>\n                            <\/div>\n        \n                    <div class=\"location__route tw-border-b-2 tw-border-mist\">\n                <div class=\"location__route-header tw-cursor-pointer tw-flex tw-justify-between tw-items-center tw-pb-10\">\n                                        <span class=\"location__route-title tw-text-xl tw-font-bold !tw-text-core tw-uppercase\">\n                        Hinweis                    <\/span>\n                                        <button class=\"tw-ml-auto location__route-toggle tw-w-10 tw-h-10 tw-rounded-full tw-bg-core tw-border-2 tw-border-sky tw-text-white tw-flex tw-items-center tw-justify-center tw-text-xl tw-font-bold\">\n                        <span class=\"location__route-icon-plus tw-leading-none tw-mt-[-4px]\">+<\/span>\n                        <span class=\"location__route-icon-minus tw-hidden tw-leading-none tw-mt-[-4px]\">\u2212<\/span>\n                    <\/button>\n                <\/div>\n                <div class=\"location__route-content tw-hidden tw-pb-10 !tw-text-core\">\n                    <div class=\"wysiwyg__content\"><p>Um die Sicherheit personenbezogener Daten zu gew\u00e4hrleisten, gibt es M\u00f6glichkeiten, diese Daten auf eine sichere und gesch\u00fctzte Art und Weise auszutauschen. M\u00f6chten Sie Daten mit Dyflexis teilen? Fragen Sie nach dem gesch\u00fctzten Link per E-Mail oder Telefon.<\/p>\n<\/div>                <\/div>\n            <\/div>\n            <\/div>\n            <div class=\"location__map tw-rounded-b-[19px] tw-overflow-hidden\">\n            <iframe\n                    src=\"https:\/\/www.google.com\/maps\/embed\/v1\/place?key=AIzaSyCuoJRMRlZW1DC-wSvA97Bp898sI77wzcA&#038;q=K\u00f6nigsallee+27,+40212+D\u00fcsseldorf,+Duitsland\"\n                    width=\"100%\"\n                    height=\"452\"\n                    style=\"border:0;\"\n                    allowfullscreen=\"\"\n                    loading=\"lazy\"\n                    referrerpolicy=\"no-referrer-when-downgrade\"\n                    class=\"tw-w-full\"\n            ><\/iframe>\n        <\/div>\n    <\/div><\/div>\n\n\n\n<div class=\"wp-block-column is-vertically-aligned-top column-50 is-layout-flow wp-block-column-is-layout-flow\">\n<div class=\"location tw-overflow-hidden tw-rounded-[20px]\">\n    \n    <div class=\"location__content tw-bg-white tw-p-8 lg:tw-px-[80px] lg:tw-pt-[40px] lg:tw-pb-[45px]\">\n                    <div class=\"location__details tw-grid tw-grid-cols-1 min-[500px]:tw-grid-cols-2 md:tw-grid-cols-1 min-[921px]:tw-grid-cols-2 tw-gap-6 lg:tw-gap-x-[45px] lg:tw-gap-y-[50px] tw-mb-[52px]\">\n                                    <div class=\"location__detail\">\n                                                    <h3 class=\"small tw-mb-5 tw-block\">\n                                B\u00fcro                            <\/h3>\n                                                                            <div class=\"location__detail-content !tw-text-core\">\n                                <div class=\"wysiwyg__content\"><p>Dyflexis B.V.<br \/>\n<a href=\"https:\/\/maps.app.goo.gl\/XPnJhYG3cUTtt29Q8\" target=\"_blank\" rel=\"noopener\">Saturnusstraat 14<\/a><br \/>\n<a href=\"https:\/\/www.google.nl\/maps\/place\/Dyflexis+B.V.\/@52.0738053,4.3314217,16z\/data=!3m1!4b1!4m6!3m5!1s0x47c5b71cb450ceaf:0xee669a99e214b4db!8m2!3d52.0738053!4d4.3339966!16s%2Fg%2F1q5grpkpw?entry=ttu&amp;g_ep=EgoyMDI1MDUyNy4wIKXMDSoASAFQAw%3D%3D\" target=\"_blank\" rel=\"noopener\">2516 AH Den Haag<\/a><br \/>\n<a href=\"https:\/\/www.google.nl\/maps\/place\/Dyflexis+B.V.\/@52.0738053,4.3314217,16z\/data=!3m1!4b1!4m6!3m5!1s0x47c5b71cb450ceaf:0xee669a99e214b4db!8m2!3d52.0738053!4d4.3339966!16s%2Fg%2F1q5grpkpw?entry=ttu&amp;g_ep=EgoyMDI1MDUyNy4wIKXMDSoASAFQAw%3D%3D\" target=\"_blank\" rel=\"noopener\">Nederland<\/a><\/p>\n<\/div>                            <\/div>\n                                            <\/div>\n                                    <div class=\"location__detail\">\n                                                    <h3 class=\"small tw-mb-5 tw-block\">\n                                Allgemein                            <\/h3>\n                                                                            <div class=\"location__detail-content !tw-text-core\">\n                                <div class=\"wysiwyg__content\"><p><a href=\"tel:+31880111555\">+31 880 111 555<\/a><br \/>\n<a href=\"mailto:info@dyflexis.com\">info@dyflexis.com<\/a><\/p>\n<\/div>                            <\/div>\n                                            <\/div>\n                                    <div class=\"location__detail\">\n                                                    <h3 class=\"small tw-mb-5 tw-block\">\n                                \u00d6ffnungszeiten                            <\/h3>\n                                                                            <div class=\"location__detail-content !tw-text-core\">\n                                <div class=\"wysiwyg__content\"><p>Montag bis Freitag<br \/>\n09:00 bis 17:00 Uhr<\/p>\n<p>&nbsp;<\/p>\n<p>IHK:<span>\u00a0<\/span><span data-teams=\"true\">HRB 88135<br \/>\nAmtsgericht D\u00fcsseldorf<\/span><\/p>\n<p>&nbsp;<\/p>\n<p>USt-ID:<span>\u00a0<\/span><span>DE327025751<\/span><\/p>\n<\/div>                            <\/div>\n                                            <\/div>\n                                    <div class=\"location__detail\">\n                                                    <h3 class=\"small tw-mb-5 tw-block\">\n                                Support                            <\/h3>\n                                                                            <div class=\"location__detail-content !tw-text-core\">\n                                <div class=\"wysiwyg__content\"><p><a href=\"tel:+31880111567\">+31 880 111 567<\/a><br \/>\n<a href=\"mailto:support@dyflexis.com\">support@dyflexis.com<\/a><\/p>\n<\/div>                            <\/div>\n                                            <\/div>\n                            <\/div>\n        \n            <\/div>\n            <div class=\"location__map tw-rounded-b-[19px] tw-overflow-hidden\">\n            <iframe\n                    src=\"https:\/\/www.google.com\/maps\/embed\/v1\/place?key=AIzaSyCuoJRMRlZW1DC-wSvA97Bp898sI77wzcA&#038;q=Dyflexis+B.V.\"\n                    width=\"100%\"\n                    height=\"452\"\n                    style=\"border:0;\"\n                    allowfullscreen=\"\"\n                    loading=\"lazy\"\n                    referrerpolicy=\"no-referrer-when-downgrade\"\n                    class=\"tw-w-full\"\n            ><\/iframe>\n        <\/div>\n    <\/div><\/div>\n<\/div>\n\n<\/div>\n\t<\/div>\n\n    <\/div>\n","protected":false},"excerpt":{"rendered":"","protected":false},"author":2,"featured_media":0,"parent":0,"menu_order":0,"comment_status":"closed","ping_status":"closed","template":"","meta":{"_acf_changed":false,"inline_featured_image":false,"editor_notices":[],"footnotes":""},"tags":[],"class_list":["post-6634","page","type-page","status-publish","hentry"],"acf":[],"yoast_head":"<title>Kontakt | Dyflexis Personalplannung und Zeiterfassung<\/title>\n<meta name=\"description\" content=\"Wenn Sie Fragen haben, k\u00f6nnen Sie Dyflexis jederzeit gerne kontaktieren. Unser Team steht Ihnen jeden Tag zu Verf\u00fcgung f\u00fcr Kontakt!\" \/>\n<meta name=\"robots\" content=\"index, follow, max-snippet:-1, max-image-preview:large, max-video-preview:-1\" \/>\n<link rel=\"canonical\" href=\"https:\/\/www.dyflexis.com\/de\/kontakt\/\" \/>\n<meta property=\"og:locale\" content=\"de_DE\" \/>\n<meta property=\"og:type\" content=\"article\" \/>\n<meta property=\"og:title\" content=\"Kontakt | Dyflexis Personalplannung und Zeiterfassung\" \/>\n<meta property=\"og:description\" content=\"Wenn Sie Fragen haben, k\u00f6nnen Sie Dyflexis jederzeit gerne kontaktieren. Unser Team steht Ihnen jeden Tag zu Verf\u00fcgung f\u00fcr Kontakt!\" \/>\n<meta property=\"og:url\" content=\"https:\/\/www.dyflexis.com\/de\/kontakt\/\" \/>\n<meta property=\"og:site_name\" content=\"Dyflexis (DE)\" \/>\n<meta property=\"article:modified_time\" content=\"2026-04-02T06:47:18+00:00\" \/>\n<meta name=\"twitter:card\" content=\"summary_large_image\" \/>\n<script type=\"application\/ld+json\" class=\"yoast-schema-graph\">{\"@context\":\"https:\/\/schema.org\",\"@graph\":[{\"@type\":\"WebPage\",\"@id\":\"https:\/\/www.dyflexis.com\/de\/kontakt\/\",\"url\":\"https:\/\/www.dyflexis.com\/de\/kontakt\/\",\"name\":\"Kontakt | Dyflexis Personalplannung und Zeiterfassung\",\"isPartOf\":{\"@id\":\"https:\/\/www.dyflexis.com\/de\/#website\"},\"datePublished\":\"2018-04-09T07:34:17+00:00\",\"dateModified\":\"2026-04-02T06:47:18+00:00\",\"description\":\"Wenn Sie Fragen haben, k\u00f6nnen Sie Dyflexis jederzeit gerne kontaktieren. Unser Team steht Ihnen jeden Tag zu Verf\u00fcgung f\u00fcr Kontakt!\",\"breadcrumb\":{\"@id\":\"https:\/\/www.dyflexis.com\/de\/kontakt\/#breadcrumb\"},\"inLanguage\":\"de\",\"potentialAction\":[{\"@type\":\"ReadAction\",\"target\":[\"https:\/\/www.dyflexis.com\/de\/kontakt\/\"]}]},{\"@type\":\"BreadcrumbList\",\"@id\":\"https:\/\/www.dyflexis.com\/de\/kontakt\/#breadcrumb\",\"itemListElement\":[{\"@type\":\"ListItem\",\"position\":1,\"name\":\"Home\",\"item\":\"https:\/\/www.dyflexis.com\/de\/\"},{\"@type\":\"ListItem\",\"position\":2,\"name\":\"Kontakt\"}]},{\"@type\":\"WebSite\",\"@id\":\"https:\/\/www.dyflexis.com\/de\/#website\",\"url\":\"https:\/\/www.dyflexis.com\/de\/\",\"name\":\"Dyflexis\",\"description\":\"Dyflexis Workforce Management | Bigger Together\",\"publisher\":{\"@id\":\"https:\/\/www.dyflexis.com\/de\/#organization\"},\"alternateName\":\"Dyflexis Workforce Management\",\"potentialAction\":[{\"@type\":\"SearchAction\",\"target\":{\"@type\":\"EntryPoint\",\"urlTemplate\":\"https:\/\/www.dyflexis.com\/de\/?s={search_term_string}\"},\"query-input\":{\"@type\":\"PropertyValueSpecification\",\"valueRequired\":true,\"valueName\":\"search_term_string\"}}],\"inLanguage\":\"de\"},{\"@type\":\"Organization\",\"@id\":\"https:\/\/www.dyflexis.com\/de\/#organization\",\"name\":\"Dyflexis\",\"alternateName\":\"Dyflexis Workforce Management\",\"url\":\"https:\/\/www.dyflexis.com\/de\/\",\"logo\":{\"@type\":\"ImageObject\",\"inLanguage\":\"de\",\"@id\":\"https:\/\/www.dyflexis.com\/de\/#\/schema\/logo\/image\/\",\"url\":\"https:\/\/www.dyflexis.com\/de\/wp-content\/uploads\/2026\/03\/LinkedIn-Company-Logo.jpg\",\"contentUrl\":\"https:\/\/www.dyflexis.com\/de\/wp-content\/uploads\/2026\/03\/LinkedIn-Company-Logo.jpg\",\"width\":300,\"height\":300,\"caption\":\"Dyflexis\"},\"image\":{\"@id\":\"https:\/\/www.dyflexis.com\/de\/#\/schema\/logo\/image\/\"}}]}<\/script>","yoast_head_json":{"title":"Kontakt | Dyflexis Personalplannung und Zeiterfassung","description":"Wenn Sie Fragen haben, k\u00f6nnen Sie Dyflexis jederzeit gerne kontaktieren. Unser Team steht Ihnen jeden Tag zu Verf\u00fcgung f\u00fcr Kontakt!","robots":{"index":"index","follow":"follow","max-snippet":"max-snippet:-1","max-image-preview":"max-image-preview:large","max-video-preview":"max-video-preview:-1"},"canonical":"https:\/\/www.dyflexis.com\/de\/kontakt\/","og_locale":"de_DE","og_type":"article","og_title":"Kontakt | Dyflexis Personalplannung und Zeiterfassung","og_description":"Wenn Sie Fragen haben, k\u00f6nnen Sie Dyflexis jederzeit gerne kontaktieren. Unser Team steht Ihnen jeden Tag zu Verf\u00fcgung f\u00fcr Kontakt!","og_url":"https:\/\/www.dyflexis.com\/de\/kontakt\/","og_site_name":"Dyflexis (DE)","article_modified_time":"2026-04-02T06:47:18+00:00","twitter_card":"summary_large_image","schema":{"@context":"https:\/\/schema.org","@graph":[{"@type":"WebPage","@id":"https:\/\/www.dyflexis.com\/de\/kontakt\/","url":"https:\/\/www.dyflexis.com\/de\/kontakt\/","name":"Kontakt | Dyflexis Personalplannung und Zeiterfassung","isPartOf":{"@id":"https:\/\/www.dyflexis.com\/de\/#website"},"datePublished":"2018-04-09T07:34:17+00:00","dateModified":"2026-04-02T06:47:18+00:00","description":"Wenn Sie Fragen haben, k\u00f6nnen Sie Dyflexis jederzeit gerne kontaktieren. Unser Team steht Ihnen jeden Tag zu Verf\u00fcgung f\u00fcr Kontakt!","breadcrumb":{"@id":"https:\/\/www.dyflexis.com\/de\/kontakt\/#breadcrumb"},"inLanguage":"de","potentialAction":[{"@type":"ReadAction","target":["https:\/\/www.dyflexis.com\/de\/kontakt\/"]}]},{"@type":"BreadcrumbList","@id":"https:\/\/www.dyflexis.com\/de\/kontakt\/#breadcrumb","itemListElement":[{"@type":"ListItem","position":1,"name":"Home","item":"https:\/\/www.dyflexis.com\/de\/"},{"@type":"ListItem","position":2,"name":"Kontakt"}]},{"@type":"WebSite","@id":"https:\/\/www.dyflexis.com\/de\/#website","url":"https:\/\/www.dyflexis.com\/de\/","name":"Dyflexis","description":"Dyflexis Workforce Management | Bigger Together","publisher":{"@id":"https:\/\/www.dyflexis.com\/de\/#organization"},"alternateName":"Dyflexis Workforce Management","potentialAction":[{"@type":"SearchAction","target":{"@type":"EntryPoint","urlTemplate":"https:\/\/www.dyflexis.com\/de\/?s={search_term_string}"},"query-input":{"@type":"PropertyValueSpecification","valueRequired":true,"valueName":"search_term_string"}}],"inLanguage":"de"},{"@type":"Organization","@id":"https:\/\/www.dyflexis.com\/de\/#organization","name":"Dyflexis","alternateName":"Dyflexis Workforce Management","url":"https:\/\/www.dyflexis.com\/de\/","logo":{"@type":"ImageObject","inLanguage":"de","@id":"https:\/\/www.dyflexis.com\/de\/#\/schema\/logo\/image\/","url":"https:\/\/www.dyflexis.com\/de\/wp-content\/uploads\/2026\/03\/LinkedIn-Company-Logo.jpg","contentUrl":"https:\/\/www.dyflexis.com\/de\/wp-content\/uploads\/2026\/03\/LinkedIn-Company-Logo.jpg","width":300,"height":300,"caption":"Dyflexis"},"image":{"@id":"https:\/\/www.dyflexis.com\/de\/#\/schema\/logo\/image\/"}}]}},"_links":{"self":[{"href":"https:\/\/www.dyflexis.com\/de\/wp-json\/wp\/v2\/pages\/6634","targetHints":{"allow":["GET"]}}],"collection":[{"href":"https:\/\/www.dyflexis.com\/de\/wp-json\/wp\/v2\/pages"}],"about":[{"href":"https:\/\/www.dyflexis.com\/de\/wp-json\/wp\/v2\/types\/page"}],"author":[{"embeddable":true,"href":"https:\/\/www.dyflexis.com\/de\/wp-json\/wp\/v2\/users\/2"}],"replies":[{"embeddable":true,"href":"https:\/\/www.dyflexis.com\/de\/wp-json\/wp\/v2\/comments?post=6634"}],"version-history":[{"count":36,"href":"https:\/\/www.dyflexis.com\/de\/wp-json\/wp\/v2\/pages\/6634\/revisions"}],"predecessor-version":[{"id":27583,"href":"https:\/\/www.dyflexis.com\/de\/wp-json\/wp\/v2\/pages\/6634\/revisions\/27583"}],"wp:attachment":[{"href":"https:\/\/www.dyflexis.com\/de\/wp-json\/wp\/v2\/media?parent=6634"}],"wp:term":[{"taxonomy":"post_tag","embeddable":true,"href":"https:\/\/www.dyflexis.com\/de\/wp-json\/wp\/v2\/tags?post=6634"}],"curies":[{"name":"wp","href":"https:\/\/api.w.org\/{rel}","templated":true}]}}