{"id":24811,"date":"2025-07-28T16:05:51","date_gmt":"2025-07-28T14:05:51","guid":{"rendered":"https:\/\/www.dyflexis.com\/de\/?page_id=24811"},"modified":"2025-12-30T16:42:04","modified_gmt":"2025-12-30T15:42:04","slug":"schichtmodelle","status":"publish","type":"page","link":"https:\/\/www.dyflexis.com\/de\/schichtmodelle\/","title":{"rendered":"Landing Page Schichtmodelle | Dyflexis"},"content":{"rendered":"<p><\/p>","protected":false},"excerpt":{"rendered":"","protected":false},"author":25,"featured_media":0,"parent":0,"menu_order":0,"comment_status":"closed","ping_status":"closed","template":"","meta":{"_acf_changed":false,"inline_featured_image":false,"editor_notices":[],"footnotes":""},"tags":[],"class_list":["post-24811","page","type-page","status-publish","hentry"],"acf":[],"yoast_head":"<title>Software f\u00fcr Personalplanung - Dyflexis<\/title>\n<meta name=\"description\" content=\"Das Programm f\u00fcr den digitalen Personalplan von Dyflexis garantiert optimale Planung f\u00fcr jeden Betrieb. Digital, einfach und \u00fcbersichtlich!\" \/>\n<meta name=\"robots\" content=\"index, follow, max-snippet:-1, max-image-preview:large, max-video-preview:-1\" \/>\n<link rel=\"canonical\" href=\"https:\/\/www.dyflexis.com\/de\/schichtmodelle\/\" \/>\n<meta property=\"og:locale\" content=\"de_DE\" \/>\n<meta property=\"og:type\" content=\"article\" \/>\n<meta property=\"og:title\" content=\"Software f\u00fcr Personalplanung - Dyflexis\" \/>\n<meta property=\"og:description\" content=\"Das Programm f\u00fcr den digitalen Personalplan von Dyflexis garantiert optimale Planung f\u00fcr jeden Betrieb. Digital, einfach und \u00fcbersichtlich!\" \/>\n<meta property=\"og:url\" content=\"https:\/\/www.dyflexis.com\/de\/schichtmodelle\/\" \/>\n<meta property=\"og:site_name\" content=\"Dyflexis (DE)\" \/>\n<meta property=\"article:modified_time\" content=\"2025-12-30T15:42:04+00:00\" \/>\n<meta name=\"twitter:card\" content=\"summary_large_image\" \/>\n<meta name=\"twitter:label1\" content=\"Gesch\u00e4tzte Lesezeit\" \/>\n\t<meta name=\"twitter:data1\" content=\"1\u00a0Minute\" \/>\n<script type=\"application\/ld+json\" class=\"yoast-schema-graph\">{\"@context\":\"https:\/\/schema.org\",\"@graph\":[{\"@type\":\"WebPage\",\"@id\":\"https:\/\/www.dyflexis.com\/de\/schichtmodelle\/\",\"url\":\"https:\/\/www.dyflexis.com\/de\/schichtmodelle\/\",\"name\":\"Software f\u00fcr Personalplanung - Dyflexis\",\"isPartOf\":{\"@id\":\"https:\/\/www.dyflexis.com\/de\/#website\"},\"datePublished\":\"2025-07-28T14:05:51+00:00\",\"dateModified\":\"2025-12-30T15:42:04+00:00\",\"description\":\"Das Programm f\u00fcr den digitalen Personalplan von Dyflexis garantiert optimale Planung f\u00fcr jeden Betrieb. Digital, einfach und \u00fcbersichtlich!\",\"breadcrumb\":{\"@id\":\"https:\/\/www.dyflexis.com\/de\/schichtmodelle\/#breadcrumb\"},\"inLanguage\":\"de\",\"potentialAction\":[{\"@type\":\"ReadAction\",\"target\":[\"https:\/\/www.dyflexis.com\/de\/schichtmodelle\/\"]}]},{\"@type\":\"BreadcrumbList\",\"@id\":\"https:\/\/www.dyflexis.com\/de\/schichtmodelle\/#breadcrumb\",\"itemListElement\":[{\"@type\":\"ListItem\",\"position\":1,\"name\":\"Home\",\"item\":\"https:\/\/www.dyflexis.com\/de\/\"},{\"@type\":\"ListItem\",\"position\":2,\"name\":\"Landing Page Schichtmodelle | Dyflexis\"}]},{\"@type\":\"WebSite\",\"@id\":\"https:\/\/www.dyflexis.com\/de\/#website\",\"url\":\"https:\/\/www.dyflexis.com\/de\/\",\"name\":\"Dyflexis\",\"description\":\"Dyflexis Workforce Management | Bigger Together\",\"publisher\":{\"@id\":\"https:\/\/www.dyflexis.com\/de\/#organization\"},\"alternateName\":\"Dyflexis Workforce Management\",\"potentialAction\":[{\"@type\":\"SearchAction\",\"target\":{\"@type\":\"EntryPoint\",\"urlTemplate\":\"https:\/\/www.dyflexis.com\/de\/?s={search_term_string}\"},\"query-input\":{\"@type\":\"PropertyValueSpecification\",\"valueRequired\":true,\"valueName\":\"search_term_string\"}}],\"inLanguage\":\"de\"},{\"@type\":\"Organization\",\"@id\":\"https:\/\/www.dyflexis.com\/de\/#organization\",\"name\":\"Dyflexis\",\"alternateName\":\"Dyflexis Workforce Management\",\"url\":\"https:\/\/www.dyflexis.com\/de\/\",\"logo\":{\"@type\":\"ImageObject\",\"inLanguage\":\"de\",\"@id\":\"https:\/\/www.dyflexis.com\/de\/#\/schema\/logo\/image\/\",\"url\":\"https:\/\/www.dyflexis.com\/de\/wp-content\/uploads\/2026\/03\/LinkedIn-Company-Logo.jpg\",\"contentUrl\":\"https:\/\/www.dyflexis.com\/de\/wp-content\/uploads\/2026\/03\/LinkedIn-Company-Logo.jpg\",\"width\":300,\"height\":300,\"caption\":\"Dyflexis\"},\"image\":{\"@id\":\"https:\/\/www.dyflexis.com\/de\/#\/schema\/logo\/image\/\"}}]}<\/script>","yoast_head_json":{"title":"Software f\u00fcr Personalplanung - Dyflexis","description":"Das Programm f\u00fcr den digitalen Personalplan von Dyflexis garantiert optimale Planung f\u00fcr jeden Betrieb. Digital, einfach und \u00fcbersichtlich!","robots":{"index":"index","follow":"follow","max-snippet":"max-snippet:-1","max-image-preview":"max-image-preview:large","max-video-preview":"max-video-preview:-1"},"canonical":"https:\/\/www.dyflexis.com\/de\/schichtmodelle\/","og_locale":"de_DE","og_type":"article","og_title":"Software f\u00fcr Personalplanung - Dyflexis","og_description":"Das Programm f\u00fcr den digitalen Personalplan von Dyflexis garantiert optimale Planung f\u00fcr jeden Betrieb. Digital, einfach und \u00fcbersichtlich!","og_url":"https:\/\/www.dyflexis.com\/de\/schichtmodelle\/","og_site_name":"Dyflexis (DE)","article_modified_time":"2025-12-30T15:42:04+00:00","twitter_card":"summary_large_image","twitter_misc":{"Gesch\u00e4tzte Lesezeit":"1\u00a0Minute"},"schema":{"@context":"https:\/\/schema.org","@graph":[{"@type":"WebPage","@id":"https:\/\/www.dyflexis.com\/de\/schichtmodelle\/","url":"https:\/\/www.dyflexis.com\/de\/schichtmodelle\/","name":"Software f\u00fcr Personalplanung - Dyflexis","isPartOf":{"@id":"https:\/\/www.dyflexis.com\/de\/#website"},"datePublished":"2025-07-28T14:05:51+00:00","dateModified":"2025-12-30T15:42:04+00:00","description":"Das Programm f\u00fcr den digitalen Personalplan von Dyflexis garantiert optimale Planung f\u00fcr jeden Betrieb. Digital, einfach und \u00fcbersichtlich!","breadcrumb":{"@id":"https:\/\/www.dyflexis.com\/de\/schichtmodelle\/#breadcrumb"},"inLanguage":"de","potentialAction":[{"@type":"ReadAction","target":["https:\/\/www.dyflexis.com\/de\/schichtmodelle\/"]}]},{"@type":"BreadcrumbList","@id":"https:\/\/www.dyflexis.com\/de\/schichtmodelle\/#breadcrumb","itemListElement":[{"@type":"ListItem","position":1,"name":"Home","item":"https:\/\/www.dyflexis.com\/de\/"},{"@type":"ListItem","position":2,"name":"Landing Page Schichtmodelle | Dyflexis"}]},{"@type":"WebSite","@id":"https:\/\/www.dyflexis.com\/de\/#website","url":"https:\/\/www.dyflexis.com\/de\/","name":"Dyflexis","description":"Dyflexis Workforce Management | Bigger Together","publisher":{"@id":"https:\/\/www.dyflexis.com\/de\/#organization"},"alternateName":"Dyflexis Workforce Management","potentialAction":[{"@type":"SearchAction","target":{"@type":"EntryPoint","urlTemplate":"https:\/\/www.dyflexis.com\/de\/?s={search_term_string}"},"query-input":{"@type":"PropertyValueSpecification","valueRequired":true,"valueName":"search_term_string"}}],"inLanguage":"de"},{"@type":"Organization","@id":"https:\/\/www.dyflexis.com\/de\/#organization","name":"Dyflexis","alternateName":"Dyflexis Workforce Management","url":"https:\/\/www.dyflexis.com\/de\/","logo":{"@type":"ImageObject","inLanguage":"de","@id":"https:\/\/www.dyflexis.com\/de\/#\/schema\/logo\/image\/","url":"https:\/\/www.dyflexis.com\/de\/wp-content\/uploads\/2026\/03\/LinkedIn-Company-Logo.jpg","contentUrl":"https:\/\/www.dyflexis.com\/de\/wp-content\/uploads\/2026\/03\/LinkedIn-Company-Logo.jpg","width":300,"height":300,"caption":"Dyflexis"},"image":{"@id":"https:\/\/www.dyflexis.com\/de\/#\/schema\/logo\/image\/"}}]}},"_links":{"self":[{"href":"https:\/\/www.dyflexis.com\/de\/wp-json\/wp\/v2\/pages\/24811","targetHints":{"allow":["GET"]}}],"collection":[{"href":"https:\/\/www.dyflexis.com\/de\/wp-json\/wp\/v2\/pages"}],"about":[{"href":"https:\/\/www.dyflexis.com\/de\/wp-json\/wp\/v2\/types\/page"}],"author":[{"embeddable":true,"href":"https:\/\/www.dyflexis.com\/de\/wp-json\/wp\/v2\/users\/25"}],"replies":[{"embeddable":true,"href":"https:\/\/www.dyflexis.com\/de\/wp-json\/wp\/v2\/comments?post=24811"}],"version-history":[{"count":45,"href":"https:\/\/www.dyflexis.com\/de\/wp-json\/wp\/v2\/pages\/24811\/revisions"}],"predecessor-version":[{"id":26200,"href":"https:\/\/www.dyflexis.com\/de\/wp-json\/wp\/v2\/pages\/24811\/revisions\/26200"}],"wp:attachment":[{"href":"https:\/\/www.dyflexis.com\/de\/wp-json\/wp\/v2\/media?parent=24811"}],"wp:term":[{"taxonomy":"post_tag","embeddable":true,"href":"https:\/\/www.dyflexis.com\/de\/wp-json\/wp\/v2\/tags?post=24811"}],"curies":[{"name":"wp","href":"https:\/\/api.w.org\/{rel}","templated":true}]}}