{"id":24208,"date":"2025-07-09T15:51:33","date_gmt":"2025-07-09T13:51:33","guid":{"rendered":"https:\/\/www.dyflexis.com\/de\/?page_id=24208"},"modified":"2026-03-02T10:41:47","modified_gmt":"2026-03-02T09:41:47","slug":"support","status":"publish","type":"page","link":"https:\/\/www.dyflexis.com\/de\/support\/","title":{"rendered":"Support"},"content":{"rendered":"\n\n\n\n<div class=\"tw-z-10 block__banner block__banner--image tw-bg-center tw-py-20 container-padding-mobile lg:tw-px-0 tw-relative tw-bg-cover tw-bg-no-repeat tw-min-h-[500px] lg:tw-min-h-[600px] tw-flex tw-items-center\" style=\"--bg-image: url(https:\/\/www.dyflexis.com\/de\/wp-content\/uploads\/2026\/02\/Contact-\u2013-48-copy.jpg); --bg-image-tablet: url(https:\/\/www.dyflexis.com\/de\/wp-content\/uploads\/2026\/02\/Home-header-Mobile-\u2013-16.png); --bg-image-mobile: url(https:\/\/www.dyflexis.com\/de\/wp-content\/uploads\/2026\/02\/Home-header-Mobile-\u2013-16.png)\" >\n    \n    <div class=\"block__banner__content tw-w-full tw-mx-auto tw-max-w-[1124px] tw-relative tw-z-10\">\n        <div class=\"tw-flex tw-flex-col tw-flex tw-flex-col tw-gap-[80px] lg:tw-gap-[160px]\">\n\n\n<div class=\"text-block vertical-grow-allowed tw-flex tw-flex-col tw-gap-5 md:tw-gap-10  \">\n\t\t\t<div class=\"text-block__title-wrapper tw-flex tw-flex-col tw-items-start md:tw-flex-row tw-flex-wrap md:tw-items-center tw-justify-between tw-gap-4\">\n\t\t\t\t\t\t\t<h1 class=\" tw-m-0\">\n\t\t\t\t\t\t\t\t\t\tWie k\u00f6nnen wir Ihnen helfen?\t\t\t\t<\/h1>\n\t\t\t\n\t\t\t\t\t<\/div>\n\t\n\t\t\t<div class=\"text-block__content wysiwyg__content\">\n\t\t\t<div class=\"wysiwyg__content\"><p>Nutzen Sie unsere umfangreiche Wissensdatenbank, oder hinterlassen Sie uns eine Nachricht.<br \/>\nFalls Sie lieber direkt mit einem unserer Support-Techniker sprechen wollen kontaktieren Sie uns gern telefonisch.<\/p>\n<\/div>\t\t<\/div>\n\t\t\n\t<\/div>\n<\/div>\n    <\/div>\n\n            <div class=\"block__banner__overlay tw-block tw-absolute tw-w-full tw-bottom-0 tw-left-0 md:tw-left-0 tw-h-full tw-bg-core tw-opacity-80\"><\/div>\n    <\/div>\n\n\n<div class=\"block__background  container-padding-mobile lg:container-padding-desktop break-container-padding tw-relative tw-bg-transparent tw-pt-[80px] tw-pb-[80px] tw-bg-cover tw-bg-no-repeat 3xl:!tw-bg-none\" style=\"\">\n\t\n\t        <div class=\"tw-absolute glow__block tw-pointer-events-none tw-top-[50%] tw-translate-y-[-50%] tw-scale-x-[-1] tw-translate-x-[-64%] sm:tw-translate-x-[-44%] md:tw-translate-x-[-28%] lg:tw-translate-x-[3%] 3xl:tw-translate-x-[-6%]\">\n            <img decoding=\"async\" src=\"https:\/\/www.dyflexis.com\/de\/wp-content\/themes\/dyflexis-wp-child-theme\/assets\/images\/gradients\/gradient_03.svg\" class=\"tw-max-w-none\" alt=\"Hintergrundgl\u00fchen\"\/>\n        <\/div>\n\t\n\t<div class=\"block__background__content tw-w-full tw-mx-auto tw-max-w-[1352px] tw-relative tw-z-10\">\n\t\t<div class=\"block__background__columns__container tw-flex tw-flex-col tw-flex tw-flex-col tw-gap-[80px] lg:tw-gap-[160px]\">\n\n<div class=\"wp-block-columns layout-asymmetric-right-left is-layout-flex wp-container-core-columns-is-layout-9d6595d7 wp-block-columns-is-layout-flex\">\n<div class=\"wp-block-column is-vertically-aligned-center column-50 is-layout-flow wp-block-column-is-layout-flow\" style=\"flex-basis:50%\">\n\n<div class=\"text-panel text-panel--left container-margin-mobile--negative md:tw-mx-0\">\n\t<div class=\"text-panel__inner tw-bg-white tw-py-10 tw-flex tw-flex-col tw-gap-10 tw-px-10 md:tw-pt-[79px] lg:tw-pb-[89px] md:tw-pl-[40px] lg:tw-pl-[80px] md:tw-pr-[30px] lg:tw-pr-[60px]\">\n\t\t\t\t\t<h2 class=\"tw-m-0 !tw-text-core\">Dyflexis Statusseite<\/h2>\n\t\t\n\t\t\t\t\t<div class=\"wysiwyg__content\"><p>M\u00f6chten Sie immer auf dem Laufenden bleiben? Auf unserer Dyflexis-Statusseite geben wir regelm\u00e4\u00dfig Updates \u00fcber unsere SaaS-L\u00f6sung, melden St\u00f6rungen und informieren \u00fcber L\u00f6sungen. Melden Sie sich f\u00fcr Updates an, um als Erste(r) \u00fcber Probleme und deren L\u00f6sungen zu erfahren.<\/p>\n<\/div>\t\t\n\t\t\t\t\t<div class=\"button-wrapper tw-flex tw-flex-col md:tw-flex-row tw-flex-wrap tw-gap-5 md:tw-pb-[45px]\">\n\t\t\t\t\t\t\t\t\t\t\t\t\t\t\t\n<a data-dyflexis-popup-btn=\"false\"\n      href=\"http:\/\/status.dyflexis.com\/\" target=\"\"\n   class=\"btn button--blue\"\n   >\n   Zu unserer Statusseite<\/a>\t\t\t\t\t\t\t\t\t\t\t\t<\/div>\n\t\t\t<\/div>\n<\/div>\n<\/div>\n\n\n\n<div class=\"wp-block-column is-vertically-aligned-center spacer-column column-9 is-layout-flow wp-block-column-is-layout-flow\" style=\"flex-basis:9%\"><\/div>\n\n\n\n<div class=\"wp-block-column is-vertically-aligned-center column-41 is-layout-flow wp-block-column-is-layout-flow column--has-image\" style=\"flex-basis:41%\">\n<figure class=\"wp-block-image size-full\"><img loading=\"lazy\" decoding=\"async\" width=\"554\" height=\"640\" src=\"https:\/\/www.dyflexis.com\/nl\/wp-content\/uploads\/2026\/03\/Support-2-\u2013-2.png\" alt=\"\" class=\"wp-image-29422\" srcset=\"https:\/\/www.dyflexis.com\/de\/wp-content\/uploads\/2026\/03\/Support-2-\u2013-2.png 554w, https:\/\/www.dyflexis.com\/de\/wp-content\/uploads\/2026\/03\/Support-2-\u2013-2-260x300.png 260w, https:\/\/www.dyflexis.com\/de\/wp-content\/uploads\/2026\/03\/Support-2-\u2013-2-94x109.png 94w, https:\/\/www.dyflexis.com\/de\/wp-content\/uploads\/2026\/03\/Support-2-\u2013-2-250x289.png 250w, https:\/\/www.dyflexis.com\/de\/wp-content\/uploads\/2026\/03\/Support-2-\u2013-2-380x439.png 380w, https:\/\/www.dyflexis.com\/de\/wp-content\/uploads\/2026\/03\/Support-2-\u2013-2-450x520.png 450w\" sizes=\"auto, (max-width: 554px) 100vw, 554px\" \/><\/figure>\n<\/div>\n<\/div>\n\n<\/div>\n\t<\/div>\n\n    <\/div>\n\n\n\n<div class=\"block__background  container-padding-mobile lg:container-padding-desktop break-container-padding tw-relative tw-bg-transparent tw-pt-[80px] tw-pb-[80px] tw-bg-cover tw-bg-no-repeat 3xl:!tw-bg-none\" style=\"\">\n\t\n\t        <div class=\"tw-absolute glow__block tw-pointer-events-none tw-top-[50%] tw-translate-y-[-50%]  tw-translate-x-[-30%] 3xl:tw-translate-x-[-22%]\">\n            <img decoding=\"async\" src=\"https:\/\/www.dyflexis.com\/de\/wp-content\/themes\/dyflexis-wp-child-theme\/assets\/images\/gradients\/gradient_03.svg\" class=\"tw-max-w-none\" alt=\"Hintergrundgl\u00fchen\"\/>\n        <\/div>\n\t\n\t<div class=\"block__background__content tw-w-full tw-mx-auto tw-max-w-[1352px] tw-relative tw-z-10\">\n\t\t<div class=\"block__background__columns__container tw-flex tw-flex-col tw-flex tw-flex-col tw-gap-[80px] lg:tw-gap-[160px]\">\n\n<div class=\"wp-block-columns layout-asymmetric-left-right is-layout-flex wp-container-core-columns-is-layout-9d6595d7 wp-block-columns-is-layout-flex\">\n<div class=\"wp-block-column is-vertically-aligned-center column-41 is-layout-flow wp-block-column-is-layout-flow column--has-image\" style=\"flex-basis:41%\">\n<figure class=\"wp-block-image size-full\"><img loading=\"lazy\" decoding=\"async\" width=\"554\" height=\"640\" src=\"https:\/\/www.dyflexis.com\/nl\/wp-content\/uploads\/2026\/03\/Support-2-1.png\" alt=\"\" class=\"wp-image-29417\" srcset=\"https:\/\/www.dyflexis.com\/de\/wp-content\/uploads\/2026\/03\/Support-2-1.png 554w, https:\/\/www.dyflexis.com\/de\/wp-content\/uploads\/2026\/03\/Support-2-1-260x300.png 260w, https:\/\/www.dyflexis.com\/de\/wp-content\/uploads\/2026\/03\/Support-2-1-94x109.png 94w, https:\/\/www.dyflexis.com\/de\/wp-content\/uploads\/2026\/03\/Support-2-1-250x289.png 250w, https:\/\/www.dyflexis.com\/de\/wp-content\/uploads\/2026\/03\/Support-2-1-380x439.png 380w, https:\/\/www.dyflexis.com\/de\/wp-content\/uploads\/2026\/03\/Support-2-1-450x520.png 450w\" sizes=\"auto, (max-width: 554px) 100vw, 554px\" \/><\/figure>\n<\/div>\n\n\n\n<div class=\"wp-block-column is-vertically-aligned-center spacer-column column-9 is-layout-flow wp-block-column-is-layout-flow\" style=\"flex-basis:9%\"><\/div>\n\n\n\n<div class=\"wp-block-column is-vertically-aligned-center column-50 is-layout-flow wp-block-column-is-layout-flow\" style=\"flex-basis:50%\">\n\n<div class=\"text-panel text-panel--right container-margin-mobile--negative md:tw-mx-0\">\n\t<div class=\"text-panel__inner tw-bg-white tw-py-10 tw-flex tw-flex-col tw-gap-10 tw-px-10 md:tw-pt-[79px] lg:tw-pb-[89px] md:tw-pr-[40px] lg:tw-pr-[80px] md:tw-pl-[30px] lg:tw-pl-[60px]\">\n\t\t\t\t\t<h2 class=\"tw-m-0 !tw-text-core\">Wissensdatenbank<\/h2>\n\t\t\n\t\t\t\t\t<div class=\"wysiwyg__content\"><p>In unserer Wissensdatenbank finden Sie eine breite Auswahl an Anleitungen f\u00fcr verschiedene Teile von Dyflexis, sowohl f\u00fcr Mitarbeiter als auch f\u00fcr Administratoren. Au\u00dferdem finden Sie hier eine Liste mit neuen Funktionen und k\u00f6nnen unseren monatlichen Newsletter lesen.<\/p>\n<p>Sie m\u00fcssen sich erst bei Ihrem Dyflexis System . Mit dem Fragezeichen Symbol auf Ihrem Schirm rechts oben kommen Sie zu unserer Wissensdatenbank.<\/p>\n<\/div>\t\t\n\t\t\t\t\t<div class=\"button-wrapper tw-flex tw-flex-col md:tw-flex-row tw-flex-wrap tw-gap-5 md:tw-pb-[45px]\">\n\t\t\t\t\t\t\t\t\t\t\t\t\t\t\t\n<a data-dyflexis-popup-btn=\"false\"\n      href=\"https:\/\/www.dyflexis.com\/de\/einloggen\/\" target=\"\"\n   class=\"btn button--blue\"\n   >\n   Anmelden<\/a>\t\t\t\t\t\t\t\t\t\t\t\t<\/div>\n\t\t\t<\/div>\n<\/div>\n<\/div>\n<\/div>\n\n<\/div>\n\t<\/div>\n\n    <\/div>\n\n\n\n<div class=\"block__background  container-padding-mobile lg:container-padding-desktop break-container-padding tw-relative tw-bg-transparent tw-pt-[80px] tw-pb-[80px] tw-bg-cover tw-bg-no-repeat 3xl:!tw-bg-none\" style=\"\">\n\t\n\t        <div class=\"tw-absolute glow__block tw-pointer-events-none tw-top-[50%] tw-translate-y-[-50%] tw-scale-x-[-1] tw-translate-x-[-64%] sm:tw-translate-x-[-44%] md:tw-translate-x-[-28%] lg:tw-translate-x-[3%] 3xl:tw-translate-x-[-6%]\">\n            <img decoding=\"async\" src=\"https:\/\/www.dyflexis.com\/de\/wp-content\/themes\/dyflexis-wp-child-theme\/assets\/images\/gradients\/gradient_03.svg\" class=\"tw-max-w-none\" alt=\"Hintergrundgl\u00fchen\"\/>\n        <\/div>\n\t\n\t<div class=\"block__background__content tw-w-full tw-mx-auto tw-max-w-[1352px] tw-relative tw-z-10\">\n\t\t<div class=\"block__background__columns__container tw-flex tw-flex-col tw-flex tw-flex-col tw-gap-[80px] lg:tw-gap-[160px]\">\n\n<div class=\"wp-block-columns layout-asymmetric-right-left is-layout-flex wp-container-core-columns-is-layout-9d6595d7 wp-block-columns-is-layout-flex\">\n<div class=\"wp-block-column is-vertically-aligned-center column-50 is-layout-flow wp-block-column-is-layout-flow\" style=\"flex-basis:50%\">\n\n<div class=\"text-panel text-panel--left container-margin-mobile--negative md:tw-mx-0\">\n\t<div class=\"text-panel__inner tw-bg-white tw-py-10 tw-flex tw-flex-col tw-gap-10 tw-px-10 md:tw-pt-[79px] lg:tw-pb-[89px] md:tw-pl-[40px] lg:tw-pl-[80px] md:tw-pr-[30px] lg:tw-pr-[60px]\">\n\t\t\t\t\t<h2 class=\"tw-m-0 !tw-text-core\">Eine Frage stellen<\/h2>\n\t\t\n\t\t\t\t\t<div class=\"wysiwyg__content\"><p><span>Nat\u00fcrlich k\u00f6nnen Sie uns Ihre Fragen auch schreiben. Bitte mailen Sie\u00a0<\/span><a href=\"mailto:support@dyflexis.com\">support@dyflexis.com<\/a><span>, und wir werden Sie schnellstm\u00f6glich kontaktieren.<\/span><\/p>\n<\/div>\t\t\n\t\t\t<\/div>\n<\/div>\n<\/div>\n\n\n\n<div class=\"wp-block-column is-vertically-aligned-center spacer-column column-9 is-layout-flow wp-block-column-is-layout-flow\" style=\"flex-basis:9%\"><\/div>\n\n\n\n<div class=\"wp-block-column is-vertically-aligned-center column-41 is-layout-flow wp-block-column-is-layout-flow column--has-image\" style=\"flex-basis:41%\">\n<figure class=\"wp-block-image size-full\"><img loading=\"lazy\" decoding=\"async\" width=\"554\" height=\"640\" src=\"https:\/\/www.dyflexis.com\/nl\/wp-content\/uploads\/2026\/03\/Support-\u2013-1-1.png\" alt=\"\" class=\"wp-image-29415\" srcset=\"https:\/\/www.dyflexis.com\/de\/wp-content\/uploads\/2026\/03\/Support-\u2013-1-1.png 554w, https:\/\/www.dyflexis.com\/de\/wp-content\/uploads\/2026\/03\/Support-\u2013-1-1-260x300.png 260w, https:\/\/www.dyflexis.com\/de\/wp-content\/uploads\/2026\/03\/Support-\u2013-1-1-94x109.png 94w, https:\/\/www.dyflexis.com\/de\/wp-content\/uploads\/2026\/03\/Support-\u2013-1-1-250x289.png 250w, https:\/\/www.dyflexis.com\/de\/wp-content\/uploads\/2026\/03\/Support-\u2013-1-1-380x439.png 380w, https:\/\/www.dyflexis.com\/de\/wp-content\/uploads\/2026\/03\/Support-\u2013-1-1-450x520.png 450w\" sizes=\"auto, (max-width: 554px) 100vw, 554px\" \/><\/figure>\n<\/div>\n<\/div>\n\n<\/div>\n\t<\/div>\n\n    <\/div>\n\n\n\n<div class=\"block__background  container-padding-mobile lg:container-padding-desktop break-container-padding tw-relative tw-bg-transparent tw-pt-[80px] tw-pb-[80px] tw-bg-cover tw-bg-no-repeat 3xl:!tw-bg-none\" style=\"\">\n\t\n\t        <div class=\"tw-absolute glow__block tw-pointer-events-none tw-top-[50%] tw-translate-y-[-50%]  tw-translate-x-[-30%] 3xl:tw-translate-x-[-22%]\">\n            <img decoding=\"async\" src=\"https:\/\/www.dyflexis.com\/de\/wp-content\/themes\/dyflexis-wp-child-theme\/assets\/images\/gradients\/gradient_03.svg\" class=\"tw-max-w-none\" alt=\"Hintergrundgl\u00fchen\"\/>\n        <\/div>\n\t\n\t<div class=\"block__background__content tw-w-full tw-mx-auto tw-max-w-[1352px] tw-relative tw-z-10\">\n\t\t<div class=\"block__background__columns__container tw-flex tw-flex-col tw-flex tw-flex-col tw-gap-[80px] lg:tw-gap-[160px]\">\n\n<div class=\"wp-block-columns layout-asymmetric-left-right is-layout-flex wp-container-core-columns-is-layout-9d6595d7 wp-block-columns-is-layout-flex\">\n<div class=\"wp-block-column is-vertically-aligned-center column-41 is-layout-flow wp-block-column-is-layout-flow column--has-image\" style=\"flex-basis:41%\">\n<figure class=\"wp-block-image size-full\"><img loading=\"lazy\" decoding=\"async\" width=\"554\" height=\"640\" src=\"https:\/\/www.dyflexis.com\/nl\/wp-content\/uploads\/2026\/03\/Support-2-\u2013-4.png\" alt=\"\" class=\"wp-image-29421\" srcset=\"https:\/\/www.dyflexis.com\/de\/wp-content\/uploads\/2026\/03\/Support-2-\u2013-4.png 554w, https:\/\/www.dyflexis.com\/de\/wp-content\/uploads\/2026\/03\/Support-2-\u2013-4-260x300.png 260w, https:\/\/www.dyflexis.com\/de\/wp-content\/uploads\/2026\/03\/Support-2-\u2013-4-94x109.png 94w, https:\/\/www.dyflexis.com\/de\/wp-content\/uploads\/2026\/03\/Support-2-\u2013-4-250x289.png 250w, https:\/\/www.dyflexis.com\/de\/wp-content\/uploads\/2026\/03\/Support-2-\u2013-4-380x439.png 380w, https:\/\/www.dyflexis.com\/de\/wp-content\/uploads\/2026\/03\/Support-2-\u2013-4-450x520.png 450w\" sizes=\"auto, (max-width: 554px) 100vw, 554px\" \/><\/figure>\n<\/div>\n\n\n\n<div class=\"wp-block-column is-vertically-aligned-center spacer-column column-9 is-layout-flow wp-block-column-is-layout-flow\" style=\"flex-basis:9%\"><\/div>\n\n\n\n<div class=\"wp-block-column is-vertically-aligned-center column-50 is-layout-flow wp-block-column-is-layout-flow\" style=\"flex-basis:50%\">\n\n<div class=\"text-panel text-panel--right container-margin-mobile--negative md:tw-mx-0\">\n\t<div class=\"text-panel__inner tw-bg-white tw-py-10 tw-flex tw-flex-col tw-gap-10 tw-px-10 md:tw-pt-[79px] lg:tw-pb-[89px] md:tw-pr-[40px] lg:tw-pr-[80px] md:tw-pl-[30px] lg:tw-pl-[60px]\">\n\t\t\t\t\t<h2 class=\"tw-m-0 !tw-text-core\">Rufen Sie uns an!<\/h2>\n\t\t\n\t\t\t\t\t<div class=\"wysiwyg__content\"><p><span>Wollen Sie lieber mit einem unserer Support-Mitarbeitenden sprechen? Rufen Sie uns unter\u00a0<\/span><a href=\"tel:+4921141872700\">+49 211 418 727 00<\/a><span>\u00a0an, und wir k\u00fcmmern uns um Ihr Anliegen. Unser Support steht Ihnen werktags von 09:00 bis 17:00 zur Verf\u00fcgung.<\/span><\/p>\n<\/div>\t\t\n\t\t\t<\/div>\n<\/div>\n<\/div>\n<\/div>\n\n<\/div>\n\t<\/div>\n\n    <\/div>\n","protected":false},"excerpt":{"rendered":"","protected":false},"author":2,"featured_media":0,"parent":0,"menu_order":0,"comment_status":"closed","ping_status":"closed","template":"","meta":{"_acf_changed":false,"inline_featured_image":false,"editor_notices":[],"footnotes":""},"tags":[],"class_list":["post-24208","page","type-page","status-publish","hentry"],"acf":[],"yoast_head":"<title>Support | Dyflexis<\/title>\n<meta name=\"robots\" content=\"index, follow, max-snippet:-1, max-image-preview:large, max-video-preview:-1\" \/>\n<link rel=\"canonical\" href=\"https:\/\/www.dyflexis.com\/de\/support\/\" \/>\n<meta property=\"og:locale\" content=\"de_DE\" \/>\n<meta property=\"og:type\" content=\"article\" \/>\n<meta property=\"og:title\" content=\"Support | Dyflexis\" \/>\n<meta property=\"og:url\" content=\"https:\/\/www.dyflexis.com\/de\/support\/\" \/>\n<meta property=\"og:site_name\" content=\"Dyflexis (DE)\" \/>\n<meta property=\"article:modified_time\" content=\"2026-03-02T09:41:47+00:00\" \/>\n<meta property=\"og:image\" content=\"https:\/\/www.dyflexis.com\/nl\/wp-content\/uploads\/2026\/03\/Support-2-1.png\" \/>\n<meta name=\"twitter:card\" content=\"summary_large_image\" \/>\n<meta name=\"twitter:label1\" content=\"Gesch\u00e4tzte Lesezeit\" \/>\n\t<meta name=\"twitter:data1\" content=\"1\u00a0Minute\" \/>\n<script type=\"application\/ld+json\" class=\"yoast-schema-graph\">{\"@context\":\"https:\/\/schema.org\",\"@graph\":[{\"@type\":\"WebPage\",\"@id\":\"https:\/\/www.dyflexis.com\/de\/support\/\",\"url\":\"https:\/\/www.dyflexis.com\/de\/support\/\",\"name\":\"Support | Dyflexis\",\"isPartOf\":{\"@id\":\"https:\/\/www.dyflexis.com\/de\/#website\"},\"primaryImageOfPage\":{\"@id\":\"https:\/\/www.dyflexis.com\/de\/support\/#primaryimage\"},\"image\":{\"@id\":\"https:\/\/www.dyflexis.com\/de\/support\/#primaryimage\"},\"thumbnailUrl\":\"https:\/\/www.dyflexis.com\/nl\/wp-content\/uploads\/2026\/03\/Support-2-1.png\",\"datePublished\":\"2025-07-09T13:51:33+00:00\",\"dateModified\":\"2026-03-02T09:41:47+00:00\",\"breadcrumb\":{\"@id\":\"https:\/\/www.dyflexis.com\/de\/support\/#breadcrumb\"},\"inLanguage\":\"de\",\"potentialAction\":[{\"@type\":\"ReadAction\",\"target\":[\"https:\/\/www.dyflexis.com\/de\/support\/\"]}]},{\"@type\":\"ImageObject\",\"inLanguage\":\"de\",\"@id\":\"https:\/\/www.dyflexis.com\/de\/support\/#primaryimage\",\"url\":\"https:\/\/www.dyflexis.com\/nl\/wp-content\/uploads\/2026\/03\/Support-2-1.png\",\"contentUrl\":\"https:\/\/www.dyflexis.com\/nl\/wp-content\/uploads\/2026\/03\/Support-2-1.png\"},{\"@type\":\"BreadcrumbList\",\"@id\":\"https:\/\/www.dyflexis.com\/de\/support\/#breadcrumb\",\"itemListElement\":[{\"@type\":\"ListItem\",\"position\":1,\"name\":\"Home\",\"item\":\"https:\/\/www.dyflexis.com\/de\/\"},{\"@type\":\"ListItem\",\"position\":2,\"name\":\"Support\"}]},{\"@type\":\"WebSite\",\"@id\":\"https:\/\/www.dyflexis.com\/de\/#website\",\"url\":\"https:\/\/www.dyflexis.com\/de\/\",\"name\":\"Dyflexis\",\"description\":\"Dyflexis Workforce Management | Bigger Together\",\"publisher\":{\"@id\":\"https:\/\/www.dyflexis.com\/de\/#organization\"},\"alternateName\":\"Dyflexis Workforce Management\",\"potentialAction\":[{\"@type\":\"SearchAction\",\"target\":{\"@type\":\"EntryPoint\",\"urlTemplate\":\"https:\/\/www.dyflexis.com\/de\/?s={search_term_string}\"},\"query-input\":{\"@type\":\"PropertyValueSpecification\",\"valueRequired\":true,\"valueName\":\"search_term_string\"}}],\"inLanguage\":\"de\"},{\"@type\":\"Organization\",\"@id\":\"https:\/\/www.dyflexis.com\/de\/#organization\",\"name\":\"Dyflexis\",\"alternateName\":\"Dyflexis Workforce Management\",\"url\":\"https:\/\/www.dyflexis.com\/de\/\",\"logo\":{\"@type\":\"ImageObject\",\"inLanguage\":\"de\",\"@id\":\"https:\/\/www.dyflexis.com\/de\/#\/schema\/logo\/image\/\",\"url\":\"https:\/\/www.dyflexis.com\/de\/wp-content\/uploads\/2026\/03\/LinkedIn-Company-Logo.jpg\",\"contentUrl\":\"https:\/\/www.dyflexis.com\/de\/wp-content\/uploads\/2026\/03\/LinkedIn-Company-Logo.jpg\",\"width\":300,\"height\":300,\"caption\":\"Dyflexis\"},\"image\":{\"@id\":\"https:\/\/www.dyflexis.com\/de\/#\/schema\/logo\/image\/\"}}]}<\/script>","yoast_head_json":{"title":"Support | Dyflexis","robots":{"index":"index","follow":"follow","max-snippet":"max-snippet:-1","max-image-preview":"max-image-preview:large","max-video-preview":"max-video-preview:-1"},"canonical":"https:\/\/www.dyflexis.com\/de\/support\/","og_locale":"de_DE","og_type":"article","og_title":"Support | Dyflexis","og_url":"https:\/\/www.dyflexis.com\/de\/support\/","og_site_name":"Dyflexis (DE)","article_modified_time":"2026-03-02T09:41:47+00:00","og_image":[{"url":"https:\/\/www.dyflexis.com\/nl\/wp-content\/uploads\/2026\/03\/Support-2-1.png","type":"","width":"","height":""}],"twitter_card":"summary_large_image","twitter_misc":{"Gesch\u00e4tzte Lesezeit":"1\u00a0Minute"},"schema":{"@context":"https:\/\/schema.org","@graph":[{"@type":"WebPage","@id":"https:\/\/www.dyflexis.com\/de\/support\/","url":"https:\/\/www.dyflexis.com\/de\/support\/","name":"Support | Dyflexis","isPartOf":{"@id":"https:\/\/www.dyflexis.com\/de\/#website"},"primaryImageOfPage":{"@id":"https:\/\/www.dyflexis.com\/de\/support\/#primaryimage"},"image":{"@id":"https:\/\/www.dyflexis.com\/de\/support\/#primaryimage"},"thumbnailUrl":"https:\/\/www.dyflexis.com\/nl\/wp-content\/uploads\/2026\/03\/Support-2-1.png","datePublished":"2025-07-09T13:51:33+00:00","dateModified":"2026-03-02T09:41:47+00:00","breadcrumb":{"@id":"https:\/\/www.dyflexis.com\/de\/support\/#breadcrumb"},"inLanguage":"de","potentialAction":[{"@type":"ReadAction","target":["https:\/\/www.dyflexis.com\/de\/support\/"]}]},{"@type":"ImageObject","inLanguage":"de","@id":"https:\/\/www.dyflexis.com\/de\/support\/#primaryimage","url":"https:\/\/www.dyflexis.com\/nl\/wp-content\/uploads\/2026\/03\/Support-2-1.png","contentUrl":"https:\/\/www.dyflexis.com\/nl\/wp-content\/uploads\/2026\/03\/Support-2-1.png"},{"@type":"BreadcrumbList","@id":"https:\/\/www.dyflexis.com\/de\/support\/#breadcrumb","itemListElement":[{"@type":"ListItem","position":1,"name":"Home","item":"https:\/\/www.dyflexis.com\/de\/"},{"@type":"ListItem","position":2,"name":"Support"}]},{"@type":"WebSite","@id":"https:\/\/www.dyflexis.com\/de\/#website","url":"https:\/\/www.dyflexis.com\/de\/","name":"Dyflexis","description":"Dyflexis Workforce Management | Bigger Together","publisher":{"@id":"https:\/\/www.dyflexis.com\/de\/#organization"},"alternateName":"Dyflexis Workforce Management","potentialAction":[{"@type":"SearchAction","target":{"@type":"EntryPoint","urlTemplate":"https:\/\/www.dyflexis.com\/de\/?s={search_term_string}"},"query-input":{"@type":"PropertyValueSpecification","valueRequired":true,"valueName":"search_term_string"}}],"inLanguage":"de"},{"@type":"Organization","@id":"https:\/\/www.dyflexis.com\/de\/#organization","name":"Dyflexis","alternateName":"Dyflexis Workforce Management","url":"https:\/\/www.dyflexis.com\/de\/","logo":{"@type":"ImageObject","inLanguage":"de","@id":"https:\/\/www.dyflexis.com\/de\/#\/schema\/logo\/image\/","url":"https:\/\/www.dyflexis.com\/de\/wp-content\/uploads\/2026\/03\/LinkedIn-Company-Logo.jpg","contentUrl":"https:\/\/www.dyflexis.com\/de\/wp-content\/uploads\/2026\/03\/LinkedIn-Company-Logo.jpg","width":300,"height":300,"caption":"Dyflexis"},"image":{"@id":"https:\/\/www.dyflexis.com\/de\/#\/schema\/logo\/image\/"}}]}},"_links":{"self":[{"href":"https:\/\/www.dyflexis.com\/de\/wp-json\/wp\/v2\/pages\/24208","targetHints":{"allow":["GET"]}}],"collection":[{"href":"https:\/\/www.dyflexis.com\/de\/wp-json\/wp\/v2\/pages"}],"about":[{"href":"https:\/\/www.dyflexis.com\/de\/wp-json\/wp\/v2\/types\/page"}],"author":[{"embeddable":true,"href":"https:\/\/www.dyflexis.com\/de\/wp-json\/wp\/v2\/users\/2"}],"replies":[{"embeddable":true,"href":"https:\/\/www.dyflexis.com\/de\/wp-json\/wp\/v2\/comments?post=24208"}],"version-history":[{"count":15,"href":"https:\/\/www.dyflexis.com\/de\/wp-json\/wp\/v2\/pages\/24208\/revisions"}],"predecessor-version":[{"id":27025,"href":"https:\/\/www.dyflexis.com\/de\/wp-json\/wp\/v2\/pages\/24208\/revisions\/27025"}],"wp:attachment":[{"href":"https:\/\/www.dyflexis.com\/de\/wp-json\/wp\/v2\/media?parent=24208"}],"wp:term":[{"taxonomy":"post_tag","embeddable":true,"href":"https:\/\/www.dyflexis.com\/de\/wp-json\/wp\/v2\/tags?post=24208"}],"curies":[{"name":"wp","href":"https:\/\/api.w.org\/{rel}","templated":true}]}}