{"id":19745,"date":"2021-03-22T11:05:01","date_gmt":"2021-03-22T10:05:01","guid":{"rendered":"https:\/\/www.dyflexis.com\/de\/?page_id=19745"},"modified":"2026-03-13T09:21:59","modified_gmt":"2026-03-13T08:21:59","slug":"freizeitbranche-2","status":"publish","type":"page","link":"https:\/\/www.dyflexis.com\/de\/freizeitbranche-2\/","title":{"rendered":"Freizeitbranche"},"content":{"rendered":"<p><\/p>","protected":false},"excerpt":{"rendered":"","protected":false},"author":13,"featured_media":0,"parent":0,"menu_order":0,"comment_status":"closed","ping_status":"closed","template":"","meta":{"_acf_changed":false,"inline_featured_image":false,"editor_notices":[],"footnotes":""},"tags":[],"class_list":["post-19745","page","type-page","status-publish","hentry"],"acf":[],"yoast_head":"<title>Freizeitbranche | Dyflexis (DE) Personalplanung &amp; Zeiterfassung<\/title>\n<meta name=\"description\" content=\"Dyflexis ist Ihre Einzelhandel Software-L\u00f6sung f\u00fcr Personalplanung &amp; Zeiterfassung f\u00fcr die Freizeitbranche. Deutlich und \u00fcbersichtlich. Spart Zeit &amp; Geld!\" \/>\n<meta name=\"robots\" content=\"index, follow, max-snippet:-1, max-image-preview:large, max-video-preview:-1\" \/>\n<link rel=\"canonical\" href=\"https:\/\/www.dyflexis.com\/de\/freizeitbranche-2\/\" \/>\n<meta property=\"og:locale\" content=\"de_DE\" \/>\n<meta property=\"og:type\" content=\"article\" \/>\n<meta property=\"og:title\" content=\"Freizeitbranche | Dyflexis (DE) Personalplanung &amp; Zeiterfassung\" \/>\n<meta property=\"og:description\" content=\"Dyflexis ist Ihre Einzelhandel Software-L\u00f6sung f\u00fcr Personalplanung &amp; Zeiterfassung f\u00fcr die Freizeitbranche. Deutlich und \u00fcbersichtlich. Spart Zeit &amp; Geld!\" \/>\n<meta property=\"og:url\" content=\"https:\/\/www.dyflexis.com\/de\/freizeitbranche-2\/\" \/>\n<meta property=\"og:site_name\" content=\"Dyflexis (DE)\" \/>\n<meta property=\"article:modified_time\" content=\"2026-03-13T08:21:59+00:00\" \/>\n<meta name=\"twitter:card\" content=\"summary_large_image\" \/>\n<meta name=\"twitter:label1\" content=\"Gesch\u00e4tzte Lesezeit\" \/>\n\t<meta name=\"twitter:data1\" content=\"5\u00a0Minuten\" \/>\n<script type=\"application\/ld+json\" class=\"yoast-schema-graph\">{\"@context\":\"https:\/\/schema.org\",\"@graph\":[{\"@type\":\"WebPage\",\"@id\":\"https:\/\/www.dyflexis.com\/de\/freizeitbranche-2\/\",\"url\":\"https:\/\/www.dyflexis.com\/de\/freizeitbranche-2\/\",\"name\":\"Freizeitbranche | Dyflexis (DE) Personalplanung & Zeiterfassung\",\"isPartOf\":{\"@id\":\"https:\/\/www.dyflexis.com\/de\/#website\"},\"datePublished\":\"2021-03-22T10:05:01+00:00\",\"dateModified\":\"2026-03-13T08:21:59+00:00\",\"description\":\"Dyflexis ist Ihre Einzelhandel Software-L\u00f6sung f\u00fcr Personalplanung & Zeiterfassung f\u00fcr die Freizeitbranche. Deutlich und \u00fcbersichtlich. Spart Zeit & Geld!\",\"breadcrumb\":{\"@id\":\"https:\/\/www.dyflexis.com\/de\/freizeitbranche-2\/#breadcrumb\"},\"inLanguage\":\"de\",\"potentialAction\":[{\"@type\":\"ReadAction\",\"target\":[\"https:\/\/www.dyflexis.com\/de\/freizeitbranche-2\/\"]}]},{\"@type\":\"BreadcrumbList\",\"@id\":\"https:\/\/www.dyflexis.com\/de\/freizeitbranche-2\/#breadcrumb\",\"itemListElement\":[{\"@type\":\"ListItem\",\"position\":1,\"name\":\"Home\",\"item\":\"https:\/\/www.dyflexis.com\/de\/\"},{\"@type\":\"ListItem\",\"position\":2,\"name\":\"Freizeitbranche\"}]},{\"@type\":\"WebSite\",\"@id\":\"https:\/\/www.dyflexis.com\/de\/#website\",\"url\":\"https:\/\/www.dyflexis.com\/de\/\",\"name\":\"Dyflexis\",\"description\":\"Dyflexis Workforce Management | Bigger Together\",\"publisher\":{\"@id\":\"https:\/\/www.dyflexis.com\/de\/#organization\"},\"alternateName\":\"Dyflexis Workforce Management\",\"potentialAction\":[{\"@type\":\"SearchAction\",\"target\":{\"@type\":\"EntryPoint\",\"urlTemplate\":\"https:\/\/www.dyflexis.com\/de\/?s={search_term_string}\"},\"query-input\":{\"@type\":\"PropertyValueSpecification\",\"valueRequired\":true,\"valueName\":\"search_term_string\"}}],\"inLanguage\":\"de\"},{\"@type\":\"Organization\",\"@id\":\"https:\/\/www.dyflexis.com\/de\/#organization\",\"name\":\"Dyflexis\",\"alternateName\":\"Dyflexis Workforce Management\",\"url\":\"https:\/\/www.dyflexis.com\/de\/\",\"logo\":{\"@type\":\"ImageObject\",\"inLanguage\":\"de\",\"@id\":\"https:\/\/www.dyflexis.com\/de\/#\/schema\/logo\/image\/\",\"url\":\"https:\/\/www.dyflexis.com\/de\/wp-content\/uploads\/2026\/03\/LinkedIn-Company-Logo.jpg\",\"contentUrl\":\"https:\/\/www.dyflexis.com\/de\/wp-content\/uploads\/2026\/03\/LinkedIn-Company-Logo.jpg\",\"width\":300,\"height\":300,\"caption\":\"Dyflexis\"},\"image\":{\"@id\":\"https:\/\/www.dyflexis.com\/de\/#\/schema\/logo\/image\/\"}}]}<\/script>","yoast_head_json":{"title":"Freizeitbranche | Dyflexis (DE) Personalplanung & Zeiterfassung","description":"Dyflexis ist Ihre Einzelhandel Software-L\u00f6sung f\u00fcr Personalplanung & Zeiterfassung f\u00fcr die Freizeitbranche. Deutlich und \u00fcbersichtlich. Spart Zeit & Geld!","robots":{"index":"index","follow":"follow","max-snippet":"max-snippet:-1","max-image-preview":"max-image-preview:large","max-video-preview":"max-video-preview:-1"},"canonical":"https:\/\/www.dyflexis.com\/de\/freizeitbranche-2\/","og_locale":"de_DE","og_type":"article","og_title":"Freizeitbranche | Dyflexis (DE) Personalplanung & Zeiterfassung","og_description":"Dyflexis ist Ihre Einzelhandel Software-L\u00f6sung f\u00fcr Personalplanung & Zeiterfassung f\u00fcr die Freizeitbranche. Deutlich und \u00fcbersichtlich. Spart Zeit & Geld!","og_url":"https:\/\/www.dyflexis.com\/de\/freizeitbranche-2\/","og_site_name":"Dyflexis (DE)","article_modified_time":"2026-03-13T08:21:59+00:00","twitter_card":"summary_large_image","twitter_misc":{"Gesch\u00e4tzte Lesezeit":"5\u00a0Minuten"},"schema":{"@context":"https:\/\/schema.org","@graph":[{"@type":"WebPage","@id":"https:\/\/www.dyflexis.com\/de\/freizeitbranche-2\/","url":"https:\/\/www.dyflexis.com\/de\/freizeitbranche-2\/","name":"Freizeitbranche | Dyflexis (DE) Personalplanung & Zeiterfassung","isPartOf":{"@id":"https:\/\/www.dyflexis.com\/de\/#website"},"datePublished":"2021-03-22T10:05:01+00:00","dateModified":"2026-03-13T08:21:59+00:00","description":"Dyflexis ist Ihre Einzelhandel Software-L\u00f6sung f\u00fcr Personalplanung & Zeiterfassung f\u00fcr die Freizeitbranche. Deutlich und \u00fcbersichtlich. Spart Zeit & Geld!","breadcrumb":{"@id":"https:\/\/www.dyflexis.com\/de\/freizeitbranche-2\/#breadcrumb"},"inLanguage":"de","potentialAction":[{"@type":"ReadAction","target":["https:\/\/www.dyflexis.com\/de\/freizeitbranche-2\/"]}]},{"@type":"BreadcrumbList","@id":"https:\/\/www.dyflexis.com\/de\/freizeitbranche-2\/#breadcrumb","itemListElement":[{"@type":"ListItem","position":1,"name":"Home","item":"https:\/\/www.dyflexis.com\/de\/"},{"@type":"ListItem","position":2,"name":"Freizeitbranche"}]},{"@type":"WebSite","@id":"https:\/\/www.dyflexis.com\/de\/#website","url":"https:\/\/www.dyflexis.com\/de\/","name":"Dyflexis","description":"Dyflexis Workforce Management | Bigger Together","publisher":{"@id":"https:\/\/www.dyflexis.com\/de\/#organization"},"alternateName":"Dyflexis Workforce Management","potentialAction":[{"@type":"SearchAction","target":{"@type":"EntryPoint","urlTemplate":"https:\/\/www.dyflexis.com\/de\/?s={search_term_string}"},"query-input":{"@type":"PropertyValueSpecification","valueRequired":true,"valueName":"search_term_string"}}],"inLanguage":"de"},{"@type":"Organization","@id":"https:\/\/www.dyflexis.com\/de\/#organization","name":"Dyflexis","alternateName":"Dyflexis Workforce Management","url":"https:\/\/www.dyflexis.com\/de\/","logo":{"@type":"ImageObject","inLanguage":"de","@id":"https:\/\/www.dyflexis.com\/de\/#\/schema\/logo\/image\/","url":"https:\/\/www.dyflexis.com\/de\/wp-content\/uploads\/2026\/03\/LinkedIn-Company-Logo.jpg","contentUrl":"https:\/\/www.dyflexis.com\/de\/wp-content\/uploads\/2026\/03\/LinkedIn-Company-Logo.jpg","width":300,"height":300,"caption":"Dyflexis"},"image":{"@id":"https:\/\/www.dyflexis.com\/de\/#\/schema\/logo\/image\/"}}]}},"_links":{"self":[{"href":"https:\/\/www.dyflexis.com\/de\/wp-json\/wp\/v2\/pages\/19745","targetHints":{"allow":["GET"]}}],"collection":[{"href":"https:\/\/www.dyflexis.com\/de\/wp-json\/wp\/v2\/pages"}],"about":[{"href":"https:\/\/www.dyflexis.com\/de\/wp-json\/wp\/v2\/types\/page"}],"author":[{"embeddable":true,"href":"https:\/\/www.dyflexis.com\/de\/wp-json\/wp\/v2\/users\/13"}],"replies":[{"embeddable":true,"href":"https:\/\/www.dyflexis.com\/de\/wp-json\/wp\/v2\/comments?post=19745"}],"version-history":[{"count":16,"href":"https:\/\/www.dyflexis.com\/de\/wp-json\/wp\/v2\/pages\/19745\/revisions"}],"predecessor-version":[{"id":26215,"href":"https:\/\/www.dyflexis.com\/de\/wp-json\/wp\/v2\/pages\/19745\/revisions\/26215"}],"wp:attachment":[{"href":"https:\/\/www.dyflexis.com\/de\/wp-json\/wp\/v2\/media?parent=19745"}],"wp:term":[{"taxonomy":"post_tag","embeddable":true,"href":"https:\/\/www.dyflexis.com\/de\/wp-json\/wp\/v2\/tags?post=19745"}],"curies":[{"name":"wp","href":"https:\/\/api.w.org\/{rel}","templated":true}]}}