{"id":18721,"date":"2019-11-20T11:44:11","date_gmt":"2019-11-20T10:44:11","guid":{"rendered":"https:\/\/www.dyflexis.com\/de\/?page_id=18721"},"modified":"2026-03-20T09:21:09","modified_gmt":"2026-03-20T08:21:09","slug":"impressum","status":"publish","type":"page","link":"https:\/\/www.dyflexis.com\/de\/impressum\/","title":{"rendered":"Impressum"},"content":{"rendered":"\n<p><\/p>\n\n\n\n<div class=\"block__background  container-padding-mobile lg:container-padding-desktop break-container-padding tw-relative tw-bg-transparent tw-pt-[80px] tw-pb-[80px] tw-bg-cover tw-bg-no-repeat 3xl:!tw-bg-none\" style=\"\">\n\t\n\t        <div class=\"tw-absolute glow__block tw-pointer-events-none glow--middle-blue-green tw-top-[50%] tw-translate-y-[-50%] tw-min-w-[975px] md:tw-min-w-0 tw-max-w-none md:tw-max-w-[100%] tw-scale-x-[-1] tw-translate-x-[-51%] md:tw-translate-x-[12%]\">\n            <img decoding=\"async\" src=\"https:\/\/www.dyflexis.com\/de\/wp-content\/themes\/dyflexis-wp-child-theme\/assets\/images\/gradients\/gradient_02.svg\" class=\"tw-max-w-none\" alt=\"Hintergrundgl\u00fchen\"\/>\n        <\/div>\n\t\n\t<div class=\"block__background__content tw-w-full tw-mx-auto tw-max-w-[1352px] tw-relative tw-z-10\">\n\t\t<div class=\"block__background__columns__container tw-flex tw-flex-col tw-flex tw-flex-col tw-gap-[40px] lg:tw-gap-[80px]\">\n\n\n<div class=\"text-block vertical-grow-allowed tw-flex tw-flex-col tw-gap-5 md:tw-gap-10  \">\n\t\t\t<div class=\"text-block__title-wrapper tw-flex tw-flex-col tw-items-start md:tw-flex-row tw-flex-wrap md:tw-items-center tw-justify-between tw-gap-4\">\n\t\t\t\t\t\t\t<h1 class=\" tw-m-0\">\n\t\t\t\t\t\t\t\t\t\tImpressum\t\t\t\t<\/h1>\n\t\t\t\n\t\t\t\t\t<\/div>\n\t\n\t\t\t<div class=\"text-block__content wysiwyg__content\">\n\t\t\t<div class=\"wysiwyg__content\"><div class=\"\">\n<div class=\"text container tw-flex md:tw-items-center tw-gap-4 md:tw-gap-6 tw-justify-between tw-flex-col md:tw-flex-row tw-pt-0 sm:tw-pt-0 lg:tw-pt-0 tw-pb-0 sm:tw-pb-0 lg:tw-pb-0 tw-px-0 sm:tw-px-0 lg:tw-px-0\">\n<div class=\"tw-flex tw-flex-col tw-gap-6 md:tw-gap-8\">\n<div class=\"tw-text-black tw-font-size-text-editor\">\n<div class=\"wysiwyg__content\">\n<p><span>Angaben gem\u00e4\u00df \u00a7 5 TMG:<\/span><\/p>\n<\/div>\n<\/div>\n<\/div>\n<\/div>\n<\/div>\n<\/div>\t\t<\/div>\n\t\t\n\t<\/div>\n\n\n<div class=\"wp-block-columns layout-two-columns is-layout-flex wp-container-core-columns-is-layout-9d6595d7 wp-block-columns-is-layout-flex\">\n<div class=\"wp-block-column is-vertically-aligned-center column-50 is-layout-flow wp-block-column-is-layout-flow\">\n\n<div class=\"text-block vertical-grow-allowed tw-flex tw-flex-col tw-gap-5 md:tw-gap-10  \">\n\t\n\t\t\t<div class=\"text-block__content wysiwyg__content\">\n\t\t\t<div class=\"wysiwyg__content\"><p><strong>Dyflexis GmbH<\/strong><br \/>\n<span>K\u00f6nigsallee 27<\/span><br \/>\n40212<span>\u00a0<\/span><span>D\u00fcsseldorf<\/span><br \/>\nDeutschland<\/p>\n<p>&nbsp;<\/p>\n<p><b>Handelsregister:<\/b><span>\u00a0HRB 88135<\/span><br \/>\n<b>Registergericht:<\/b><span>\u00a0Amtsgericht D\u00fcsseldorf<\/span><\/p>\n<p>&nbsp;<\/p>\n<p><b>Umsatzsteuer-ID:<\/b><br \/>\n<span>Umsatzsteuer-Identifikationsnummer nach \u00a727a Umsatzsteuergesetz:<br \/>\nDE327025751<\/span><\/p>\n<\/div>\t\t<\/div>\n\t\t\n\t<\/div><\/div>\n\n\n\n<div class=\"wp-block-column is-vertically-aligned-center column-50 is-layout-flow wp-block-column-is-layout-flow\">\n\n<div class=\"text-block vertical-grow-allowed tw-flex tw-flex-col tw-gap-5 md:tw-gap-10  \">\n\t\n\t\t\t<div class=\"text-block__content wysiwyg__content\">\n\t\t\t<div class=\"wysiwyg__content\"><p><b>Gesch\u00e4ftsf\u00fchrung:<br \/>\n<\/b><span>Matthijs van den Ende<br \/>\n<\/span><span>Thomas van den Ende<\/span><\/p>\n<p>&nbsp;<\/p>\n<p><b>Gesch\u00e4ftsf\u00fchrung:<br \/>\n<\/b><span><b>T:<\/b><a class=\"c-link\" href=\"tel:+4921141872700\" target=\"_blank\" rel=\"noopener noreferrer\">+49 211 418 727 00<\/a><br \/>\n<\/span><span><strong>E<\/strong>:\u00a0<\/span><a href=\"mailto:info@dyflexis.com\"><span>info@dyflexis.de<\/span><\/a><\/p>\n<\/div>\t\t<\/div>\n\t\t\n\t<\/div><\/div>\n<\/div>\n\n\n\n\n<div class=\"text-block vertical-grow-allowed tw-flex tw-flex-col tw-gap-5 md:tw-gap-10  \">\n\t\n\t\t\t<div class=\"text-block__content wysiwyg__content\">\n\t\t\t<div class=\"wysiwyg__content\"><hr \/>\n<p><b>Haftung f\u00fcr Inhalte<\/b><\/p>\n<p><span>Als Diensteanbieter sind wir gem\u00e4\u00df \u00a7 7 Abs.1 TMG f\u00fcr eigene Inhalte auf diesen Seiten nach den allgemeinen Gesetzen verantwortlich. Nach \u00a7\u00a7 8 bis 10 TMG sind wir als Diensteanbieter jedoch nicht verpflichtet, \u00fcbermittelte oder gespeicherte fremde Informationen zu \u00fcberwachen oder nach Umst\u00e4nden zu forschen, die auf eine rechtswidrige T\u00e4tigkeit hinweisen. Verpflichtungen zur Entfernung oder Sperrung der Nutzung von Informationen nach den allgemeinen Gesetzen bleiben hiervon unber\u00fchrt. Eine diesbez\u00fcgliche Haftung ist jedoch erst ab dem Zeitpunkt der Kenntnis einer konkreten Rechtsverletzung m\u00f6glich. Bei Bekanntwerden von entsprechenden Rechtsverletzungen werden wir diese Inhalte umgehend entfernen.<\/span><\/p>\n<p>&nbsp;<\/p>\n<p><b>Haftung f\u00fcr Links<\/b><\/p>\n<p><span>Unser Angebot enth\u00e4lt Links zu externen Webseiten Dritter, auf deren Inhalte wir keinen Einfluss haben. Deshalb k\u00f6nnen wir f\u00fcr diese fremden Inhalte auch keine Gew\u00e4hr \u00fcbernehmen. F\u00fcr die Inhalte der verlinkten Seiten ist stets der jeweilige Anbieter oder Betreiber der Seiten verantwortlich. Die verlinkten Seiten wurden zum Zeitpunkt der Verlinkung auf m\u00f6gliche Rechtsverst\u00f6\u00dfe \u00fcberpr\u00fcft. Rechtswidrige Inhalte waren zum Zeitpunkt der Verlinkung nicht erkennbar. Eine permanente inhaltliche Kontrolle der verlinkten Seiten ist jedoch ohne konkrete Anhaltspunkte einer Rechtsverletzung nicht zumutbar. Bei Bekanntwerden von Rechtsverletzungen werden wir derartige Links umgehend entfernen.<\/span><\/p>\n<p>&nbsp;<\/p>\n<p><b>Urheberrecht<\/b><\/p>\n<p><span>Die durch die Seitenbetreiber erstellten Inhalte und Werke auf diesen Seiten unterliegen dem deutschen Urheberrecht. Die Vervielf\u00e4ltigung, Bearbeitung, Verbreitung und jede Art der Verwertung au\u00dferhalb der Grenzen des Urheberrechtes bed\u00fcrfen der schriftlichen Zustimmung des jeweiligen Autors bzw. Erstellers. Downloads und Kopien dieser Seite sind nur f\u00fcr den privaten, nicht kommerziellen Gebrauch gestattet. Soweit die Inhalte auf dieser Seite nicht vom Betreiber erstellt wurden, werden die Urheberrechte Dritter beachtet. Insbesondere werden Inhalte Dritter als solche gekennzeichnet. Sollten Sie trotzdem auf eine Urheberrechtsverletzung aufmerksam werden, bitten wir um einen entsprechenden Hinweis. Bei Bekanntwerden von Rechtsverletzungen werden wir derartige Inhalte umgehend entfernen.<\/span><\/p>\n<\/div>\t\t<\/div>\n\t\t\n\t<\/div>\n<\/div>\n\t<\/div>\n\n    <\/div>\n","protected":false},"excerpt":{"rendered":"","protected":false},"author":2,"featured_media":0,"parent":0,"menu_order":0,"comment_status":"closed","ping_status":"closed","template":"","meta":{"_acf_changed":false,"inline_featured_image":false,"editor_notices":[],"footnotes":""},"tags":[],"class_list":["post-18721","page","type-page","status-publish","hentry"],"acf":[],"yoast_head":"<title>Impressum | Dyflexis Personalplannung und Zeiterfassung<\/title>\n<meta name=\"description\" content=\"Das Impressum vom Dyflexis GmbH finden Sie hier. Wenn Sie Fragen haben, k\u00f6nnen Sie Dyflexis jederzeit gerne kontaktieren.\" \/>\n<meta name=\"robots\" content=\"index, follow, max-snippet:-1, max-image-preview:large, max-video-preview:-1\" \/>\n<link rel=\"canonical\" href=\"https:\/\/www.dyflexis.com\/de\/impressum\/\" \/>\n<meta property=\"og:locale\" content=\"de_DE\" \/>\n<meta property=\"og:type\" content=\"article\" \/>\n<meta property=\"og:title\" content=\"Impressum | Dyflexis Personalplannung und Zeiterfassung\" \/>\n<meta property=\"og:description\" content=\"Das Impressum vom Dyflexis GmbH finden Sie hier. Wenn Sie Fragen haben, k\u00f6nnen Sie Dyflexis jederzeit gerne kontaktieren.\" \/>\n<meta property=\"og:url\" content=\"https:\/\/www.dyflexis.com\/de\/impressum\/\" \/>\n<meta property=\"og:site_name\" content=\"Dyflexis (DE)\" \/>\n<meta property=\"article:modified_time\" content=\"2026-03-20T08:21:09+00:00\" \/>\n<meta name=\"twitter:card\" content=\"summary_large_image\" \/>\n<script type=\"application\/ld+json\" class=\"yoast-schema-graph\">{\"@context\":\"https:\/\/schema.org\",\"@graph\":[{\"@type\":\"WebPage\",\"@id\":\"https:\/\/www.dyflexis.com\/de\/impressum\/\",\"url\":\"https:\/\/www.dyflexis.com\/de\/impressum\/\",\"name\":\"Impressum | Dyflexis Personalplannung und Zeiterfassung\",\"isPartOf\":{\"@id\":\"https:\/\/www.dyflexis.com\/de\/#website\"},\"datePublished\":\"2019-11-20T10:44:11+00:00\",\"dateModified\":\"2026-03-20T08:21:09+00:00\",\"description\":\"Das Impressum vom Dyflexis GmbH finden Sie hier. Wenn Sie Fragen haben, k\u00f6nnen Sie Dyflexis jederzeit gerne kontaktieren.\",\"breadcrumb\":{\"@id\":\"https:\/\/www.dyflexis.com\/de\/impressum\/#breadcrumb\"},\"inLanguage\":\"de\",\"potentialAction\":[{\"@type\":\"ReadAction\",\"target\":[\"https:\/\/www.dyflexis.com\/de\/impressum\/\"]}]},{\"@type\":\"BreadcrumbList\",\"@id\":\"https:\/\/www.dyflexis.com\/de\/impressum\/#breadcrumb\",\"itemListElement\":[{\"@type\":\"ListItem\",\"position\":1,\"name\":\"Home\",\"item\":\"https:\/\/www.dyflexis.com\/de\/\"},{\"@type\":\"ListItem\",\"position\":2,\"name\":\"Impressum\"}]},{\"@type\":\"WebSite\",\"@id\":\"https:\/\/www.dyflexis.com\/de\/#website\",\"url\":\"https:\/\/www.dyflexis.com\/de\/\",\"name\":\"Dyflexis\",\"description\":\"Dyflexis Workforce Management | Bigger Together\",\"publisher\":{\"@id\":\"https:\/\/www.dyflexis.com\/de\/#organization\"},\"alternateName\":\"Dyflexis Workforce Management\",\"potentialAction\":[{\"@type\":\"SearchAction\",\"target\":{\"@type\":\"EntryPoint\",\"urlTemplate\":\"https:\/\/www.dyflexis.com\/de\/?s={search_term_string}\"},\"query-input\":{\"@type\":\"PropertyValueSpecification\",\"valueRequired\":true,\"valueName\":\"search_term_string\"}}],\"inLanguage\":\"de\"},{\"@type\":\"Organization\",\"@id\":\"https:\/\/www.dyflexis.com\/de\/#organization\",\"name\":\"Dyflexis\",\"alternateName\":\"Dyflexis Workforce Management\",\"url\":\"https:\/\/www.dyflexis.com\/de\/\",\"logo\":{\"@type\":\"ImageObject\",\"inLanguage\":\"de\",\"@id\":\"https:\/\/www.dyflexis.com\/de\/#\/schema\/logo\/image\/\",\"url\":\"https:\/\/www.dyflexis.com\/de\/wp-content\/uploads\/2026\/03\/LinkedIn-Company-Logo.jpg\",\"contentUrl\":\"https:\/\/www.dyflexis.com\/de\/wp-content\/uploads\/2026\/03\/LinkedIn-Company-Logo.jpg\",\"width\":300,\"height\":300,\"caption\":\"Dyflexis\"},\"image\":{\"@id\":\"https:\/\/www.dyflexis.com\/de\/#\/schema\/logo\/image\/\"}}]}<\/script>","yoast_head_json":{"title":"Impressum | Dyflexis Personalplannung und Zeiterfassung","description":"Das Impressum vom Dyflexis GmbH finden Sie hier. Wenn Sie Fragen haben, k\u00f6nnen Sie Dyflexis jederzeit gerne kontaktieren.","robots":{"index":"index","follow":"follow","max-snippet":"max-snippet:-1","max-image-preview":"max-image-preview:large","max-video-preview":"max-video-preview:-1"},"canonical":"https:\/\/www.dyflexis.com\/de\/impressum\/","og_locale":"de_DE","og_type":"article","og_title":"Impressum | Dyflexis Personalplannung und Zeiterfassung","og_description":"Das Impressum vom Dyflexis GmbH finden Sie hier. Wenn Sie Fragen haben, k\u00f6nnen Sie Dyflexis jederzeit gerne kontaktieren.","og_url":"https:\/\/www.dyflexis.com\/de\/impressum\/","og_site_name":"Dyflexis (DE)","article_modified_time":"2026-03-20T08:21:09+00:00","twitter_card":"summary_large_image","schema":{"@context":"https:\/\/schema.org","@graph":[{"@type":"WebPage","@id":"https:\/\/www.dyflexis.com\/de\/impressum\/","url":"https:\/\/www.dyflexis.com\/de\/impressum\/","name":"Impressum | Dyflexis Personalplannung und Zeiterfassung","isPartOf":{"@id":"https:\/\/www.dyflexis.com\/de\/#website"},"datePublished":"2019-11-20T10:44:11+00:00","dateModified":"2026-03-20T08:21:09+00:00","description":"Das Impressum vom Dyflexis GmbH finden Sie hier. Wenn Sie Fragen haben, k\u00f6nnen Sie Dyflexis jederzeit gerne kontaktieren.","breadcrumb":{"@id":"https:\/\/www.dyflexis.com\/de\/impressum\/#breadcrumb"},"inLanguage":"de","potentialAction":[{"@type":"ReadAction","target":["https:\/\/www.dyflexis.com\/de\/impressum\/"]}]},{"@type":"BreadcrumbList","@id":"https:\/\/www.dyflexis.com\/de\/impressum\/#breadcrumb","itemListElement":[{"@type":"ListItem","position":1,"name":"Home","item":"https:\/\/www.dyflexis.com\/de\/"},{"@type":"ListItem","position":2,"name":"Impressum"}]},{"@type":"WebSite","@id":"https:\/\/www.dyflexis.com\/de\/#website","url":"https:\/\/www.dyflexis.com\/de\/","name":"Dyflexis","description":"Dyflexis Workforce Management | Bigger Together","publisher":{"@id":"https:\/\/www.dyflexis.com\/de\/#organization"},"alternateName":"Dyflexis Workforce Management","potentialAction":[{"@type":"SearchAction","target":{"@type":"EntryPoint","urlTemplate":"https:\/\/www.dyflexis.com\/de\/?s={search_term_string}"},"query-input":{"@type":"PropertyValueSpecification","valueRequired":true,"valueName":"search_term_string"}}],"inLanguage":"de"},{"@type":"Organization","@id":"https:\/\/www.dyflexis.com\/de\/#organization","name":"Dyflexis","alternateName":"Dyflexis Workforce Management","url":"https:\/\/www.dyflexis.com\/de\/","logo":{"@type":"ImageObject","inLanguage":"de","@id":"https:\/\/www.dyflexis.com\/de\/#\/schema\/logo\/image\/","url":"https:\/\/www.dyflexis.com\/de\/wp-content\/uploads\/2026\/03\/LinkedIn-Company-Logo.jpg","contentUrl":"https:\/\/www.dyflexis.com\/de\/wp-content\/uploads\/2026\/03\/LinkedIn-Company-Logo.jpg","width":300,"height":300,"caption":"Dyflexis"},"image":{"@id":"https:\/\/www.dyflexis.com\/de\/#\/schema\/logo\/image\/"}}]}},"_links":{"self":[{"href":"https:\/\/www.dyflexis.com\/de\/wp-json\/wp\/v2\/pages\/18721","targetHints":{"allow":["GET"]}}],"collection":[{"href":"https:\/\/www.dyflexis.com\/de\/wp-json\/wp\/v2\/pages"}],"about":[{"href":"https:\/\/www.dyflexis.com\/de\/wp-json\/wp\/v2\/types\/page"}],"author":[{"embeddable":true,"href":"https:\/\/www.dyflexis.com\/de\/wp-json\/wp\/v2\/users\/2"}],"replies":[{"embeddable":true,"href":"https:\/\/www.dyflexis.com\/de\/wp-json\/wp\/v2\/comments?post=18721"}],"version-history":[{"count":20,"href":"https:\/\/www.dyflexis.com\/de\/wp-json\/wp\/v2\/pages\/18721\/revisions"}],"predecessor-version":[{"id":27559,"href":"https:\/\/www.dyflexis.com\/de\/wp-json\/wp\/v2\/pages\/18721\/revisions\/27559"}],"wp:attachment":[{"href":"https:\/\/www.dyflexis.com\/de\/wp-json\/wp\/v2\/media?parent=18721"}],"wp:term":[{"taxonomy":"post_tag","embeddable":true,"href":"https:\/\/www.dyflexis.com\/de\/wp-json\/wp\/v2\/tags?post=18721"}],"curies":[{"name":"wp","href":"https:\/\/api.w.org\/{rel}","templated":true}]}}