{"id":17633,"date":"2019-06-14T15:07:42","date_gmt":"2019-06-14T13:07:42","guid":{"rendered":"https:\/\/www.dyflexis.com\/inloggen\/"},"modified":"2026-03-02T09:59:50","modified_gmt":"2026-03-02T08:59:50","slug":"einloggen","status":"publish","type":"page","link":"https:\/\/www.dyflexis.com\/de\/einloggen\/","title":{"rendered":"Login"},"content":{"rendered":"\n<div class=\"block__background  container-padding-mobile lg:container-padding-desktop break-container-padding tw-relative tw-bg-transparent tw-pt-[80px] tw-pb-[80px] tw-bg-cover tw-bg-no-repeat 3xl:!tw-bg-none\" style=\"\">\n\t\n\t\n\t<div class=\"block__background__content tw-w-full tw-mx-auto tw-max-w-[1352px] tw-relative tw-z-10\">\n\t\t<div class=\"block__background__columns__container tw-flex tw-flex-col tw-flex tw-flex-col tw-gap-[80px] lg:tw-gap-[160px]\">\n\n<div class=\"wp-block-columns layout-asymmetric-right-left is-layout-flex wp-container-core-columns-is-layout-9d6595d7 wp-block-columns-is-layout-flex\">\n<div class=\"wp-block-column is-vertically-aligned-center column-50 is-layout-flow wp-block-column-is-layout-flow\" style=\"flex-basis:50%\">\n\n<div class=\"text-panel text-panel--left container-margin-mobile--negative md:tw-mx-0\">\n\t<div class=\"text-panel__inner tw-bg-white tw-py-10 tw-flex tw-flex-col tw-gap-10 tw-px-10 md:tw-pt-[79px] lg:tw-pb-[89px] md:tw-pl-[40px] lg:tw-pl-[80px] md:tw-pr-[30px] lg:tw-pr-[60px]\">\n\t\t\t\t\t<h2 class=\"tw-m-0 !tw-text-core\">Dyflexis Statusseite<\/h2>\n\t\t\n\t\t\t\t\t<div class=\"wysiwyg__content\"><p>M\u00f6chten Sie immer auf dem Laufenden bleiben? Auf<br \/>\nunserer Dyflexis-Statusseite geben wir regelm\u00e4\u00dfig<br \/>\nUpdates \u00fcber unsere SaaS-L\u00f6sung, melden St\u00f6rungen<br \/>\nund informieren \u00fcber L\u00f6sungen. Melden Sie sich f\u00fcr<br \/>\nUpdates an, um als Erste(r) \u00fcber Probleme und deren<br \/>\nL\u00f6sungen zu erfahren.<\/p>\n<\/div>\t\t\n\t\t\t\t\t<div class=\"button-wrapper tw-flex tw-flex-col md:tw-flex-row tw-flex-wrap tw-gap-5 md:tw-pb-[45px]\">\n\t\t\t\t\t\t\t\t\t\t\t\t\t\t\t\n<a data-dyflexis-popup-btn=\"false\"\n      href=\"https:\/\/status.dyflexis.com\/\" target=\"_blank\"\n   class=\"btn button--blue\"\n   >\n   Zu den aktuellen Meldungen<\/a>\t\t\t\t\t\t\t\t\t\t\t\t<\/div>\n\t\t\t<\/div>\n<\/div>\n<\/div>\n\n\n\n<div class=\"wp-block-column is-vertically-aligned-center spacer-column column-9 is-layout-flow wp-block-column-is-layout-flow\" style=\"flex-basis:9%\"><\/div>\n\n\n\n<div class=\"wp-block-column is-vertically-aligned-center column-41 is-layout-flow wp-block-column-is-layout-flow\" style=\"flex-basis:41%\">\n\n<div class=\"text-block vertical-grow-allowed tw-flex tw-flex-col tw-gap-5 md:tw-gap-10  \">\n\t\t\t<div class=\"text-block__title-wrapper tw-flex tw-flex-col tw-items-start md:tw-flex-row tw-flex-wrap md:tw-items-center tw-justify-between tw-gap-4\">\n\t\t\t\t\t\t\t<h2 class=\" tw-m-0\">\n\t\t\t\t\t\t\t\t\t\tPassword<br \/>\r\nvergessen?\t\t\t\t<\/h2>\n\t\t\t\n\t\t\t\t\t<\/div>\n\t\n\t\t\t<div class=\"text-block__content wysiwyg__content\">\n\t\t\t<div class=\"wysiwyg__content\"><ol>\n<li>Geben Sie den Firmennamen oben<br \/>\nauf dieser Seite ein und klicken Sie<br \/>\nauf  den Button \u201ezu Ihrem System\u201c.<\/li>\n<li>Klicken Sie auf \u201eBenutzername oder<br \/>\nPasswort vergessen?\u201c. Geben Sie<br \/>\nIhre E-Mail-Adresse ein und rufen<br \/>\nSie Ihre E-Mails ab. Haben Sie (auch)<br \/>\nden Systemnamen vergessen? Dann<br \/>\nwenden Sie sich an Ihren<br \/>\nVorgesetzten.<\/li>\n<li>Legen Sie mithilfe der empfangenen<br \/>\nE-Mail ein neues Passwort fest.<\/li>\n<\/ol>\n<\/div>\t\t<\/div>\n\t\t\n\t<\/div><\/div>\n<\/div>\n\n<\/div>\n\t<\/div>\n\n    <\/div>\n\n\n\n<div class=\"block__background  container-padding-mobile lg:container-padding-desktop break-container-padding tw-relative tw-bg-transparent tw-pt-[80px] tw-pb-[80px] tw-bg-cover tw-bg-no-repeat 3xl:!tw-bg-none\" style=\"\">\n\t\n\t        <div class=\"tw-absolute glow__block tw-pointer-events-none tw-top-[50%] tw-translate-y-[-50%] tw-scale-x-[-1] tw-translate-x-[-64%] sm:tw-translate-x-[-44%] md:tw-translate-x-[-28%] lg:tw-translate-x-[3%] 3xl:tw-translate-x-[-6%]\">\n            <img decoding=\"async\" src=\"https:\/\/www.dyflexis.com\/de\/wp-content\/themes\/dyflexis-wp-child-theme\/assets\/images\/gradients\/gradient_03.svg\" class=\"tw-max-w-none\" alt=\"Hintergrundgl\u00fchen\"\/>\n        <\/div>\n\t\n\t<div class=\"block__background__content tw-w-full tw-mx-auto tw-max-w-[1352px] tw-relative tw-z-10\">\n\t\t<div class=\"block__background__columns__container tw-flex tw-flex-col tw-flex tw-flex-col tw-gap-[80px] lg:tw-gap-[160px]\">\n\n<div class=\"wp-block-columns layout-asymmetric-right-left is-layout-flex wp-container-core-columns-is-layout-9d6595d7 wp-block-columns-is-layout-flex\">\n<div class=\"wp-block-column is-vertically-aligned-center column-50 is-layout-flow wp-block-column-is-layout-flow\" style=\"flex-basis:50%\">\n\n<div class=\"text-panel text-panel--left container-margin-mobile--negative md:tw-mx-0\">\n\t<div class=\"text-panel__inner tw-bg-white tw-py-10 tw-flex tw-flex-col tw-gap-10 tw-px-10 md:tw-pt-[79px] lg:tw-pb-[89px] md:tw-pl-[40px] lg:tw-pl-[80px] md:tw-pr-[30px] lg:tw-pr-[60px]\">\n\t\t\t\t\t<h2 class=\"tw-m-0 !tw-text-core\">Neuer Benutzer<\/h2>\n\t\t\n\t\t\t\t\t<div class=\"wysiwyg__content\"><p>Befolgen Sie die folgenden Schritte:<\/p>\n<ol>\n<li>Der Personalplaner hat Sie \u00fcber das System<br \/>\neingeladen. Sie erhalten diese Einladung von<br \/>\n\u201edonotreply@planning.nu\u201c in Ihren Posteingang.<\/li>\n<li>Klicken Sie in der empfangenen E-Mail auf den<br \/>\nersten Link und erstellen Sie einen Benutzernamen<br \/>\nund ein sicheres Passwort. Denken Sie daran, dass<br \/>\ndas Passwort sowohl einen Gro\u00dfbuchstaben als<br \/>\nauch ein Sonderzeichen enthalten muss.<\/li>\n<li>Nach der Registrierung haben Sie direkten Zugriff<br \/>\nauf alle Funktionen des von Ihrem Arbeitgeber<br \/>\neingerichteten Systems.<\/li>\n<\/ol>\n<p><strong>Haben Sie bereits einen Account?<\/strong><br \/>\nGeben Sie unter \u201eLogin\u201c den entsprechenden<br \/>\nFirmennamen ein. Ist Ihnen der Firmenname<br \/>\nunbekannt? Dann wenden Sie sich an Ihren<br \/>\nVorgesetzten.<\/p>\n<\/div>\t\t\n\t\t\t<\/div>\n<\/div>\n<\/div>\n\n\n\n<div class=\"wp-block-column is-vertically-aligned-center spacer-column column-9 is-layout-flow wp-block-column-is-layout-flow\" style=\"flex-basis:9%\"><\/div>\n\n\n\n<div class=\"wp-block-column is-vertically-aligned-center column-41 is-layout-flow wp-block-column-is-layout-flow column--has-image\" style=\"flex-basis:41%\">\n<figure class=\"wp-block-image size-full\"><img loading=\"lazy\" decoding=\"async\" width=\"554\" height=\"640\" src=\"https:\/\/www.dyflexis.com\/de\/wp-content\/uploads\/2026\/03\/Support-\u2013-1-1.png\" alt=\"\" class=\"wp-image-29415\" srcset=\"https:\/\/www.dyflexis.com\/de\/wp-content\/uploads\/2026\/03\/Support-\u2013-1-1.png 554w, https:\/\/www.dyflexis.com\/de\/wp-content\/uploads\/2026\/03\/Support-\u2013-1-1-415x479.png 415w, https:\/\/www.dyflexis.com\/de\/wp-content\/uploads\/2026\/03\/Support-\u2013-1-1-29x33.png 29w, https:\/\/www.dyflexis.com\/de\/wp-content\/uploads\/2026\/03\/Support-\u2013-1-1-40x46.png 40w, https:\/\/www.dyflexis.com\/de\/wp-content\/uploads\/2026\/03\/Support-\u2013-1-1-260x300.png 260w, https:\/\/www.dyflexis.com\/de\/wp-content\/uploads\/2026\/03\/Support-\u2013-1-1-94x109.png 94w, https:\/\/www.dyflexis.com\/de\/wp-content\/uploads\/2026\/03\/Support-\u2013-1-1-250x289.png 250w, https:\/\/www.dyflexis.com\/de\/wp-content\/uploads\/2026\/03\/Support-\u2013-1-1-380x439.png 380w, https:\/\/www.dyflexis.com\/de\/wp-content\/uploads\/2026\/03\/Support-\u2013-1-1-450x520.png 450w\" sizes=\"auto, (max-width: 554px) 100vw, 554px\" \/><\/figure>\n<\/div>\n<\/div>\n\n<\/div>\n\t<\/div>\n\n    <\/div>\n\n\n\n<div class=\"block__background  container-padding-mobile lg:container-padding-desktop break-container-padding tw-relative tw-bg-transparent tw-pt-[80px] tw-pb-[80px] tw-bg-cover tw-bg-no-repeat 3xl:!tw-bg-none\" style=\"\">\n\t\n\t        <div class=\"tw-absolute glow__block tw-pointer-events-none tw-top-[50%] tw-translate-y-[-50%]  tw-translate-x-[-30%] 3xl:tw-translate-x-[-22%]\">\n            <img decoding=\"async\" src=\"https:\/\/www.dyflexis.com\/de\/wp-content\/themes\/dyflexis-wp-child-theme\/assets\/images\/gradients\/gradient_03.svg\" class=\"tw-max-w-none\" alt=\"Hintergrundgl\u00fchen\"\/>\n        <\/div>\n\t\n\t<div class=\"block__background__content tw-w-full tw-mx-auto tw-max-w-[1352px] tw-relative tw-z-10\">\n\t\t<div class=\"block__background__columns__container tw-flex tw-flex-col tw-flex tw-flex-col tw-gap-[80px] lg:tw-gap-[160px]\">\n\n<div class=\"wp-block-columns layout-asymmetric-left-right is-layout-flex wp-container-core-columns-is-layout-9d6595d7 wp-block-columns-is-layout-flex\">\n<div class=\"wp-block-column is-vertically-aligned-center column-41 is-layout-flow wp-block-column-is-layout-flow column--has-image\" style=\"flex-basis:41%\">\n<figure class=\"wp-block-image size-full\"><img loading=\"lazy\" decoding=\"async\" width=\"554\" height=\"640\" src=\"https:\/\/www.dyflexis.com\/de\/wp-content\/uploads\/2026\/03\/Support-2-1.png\" alt=\"\" class=\"wp-image-29417\" srcset=\"https:\/\/www.dyflexis.com\/de\/wp-content\/uploads\/2026\/03\/Support-2-1.png 554w, https:\/\/www.dyflexis.com\/de\/wp-content\/uploads\/2026\/03\/Support-2-1-415x479.png 415w, https:\/\/www.dyflexis.com\/de\/wp-content\/uploads\/2026\/03\/Support-2-1-29x33.png 29w, https:\/\/www.dyflexis.com\/de\/wp-content\/uploads\/2026\/03\/Support-2-1-40x46.png 40w, https:\/\/www.dyflexis.com\/de\/wp-content\/uploads\/2026\/03\/Support-2-1-260x300.png 260w, https:\/\/www.dyflexis.com\/de\/wp-content\/uploads\/2026\/03\/Support-2-1-94x109.png 94w, https:\/\/www.dyflexis.com\/de\/wp-content\/uploads\/2026\/03\/Support-2-1-250x289.png 250w, https:\/\/www.dyflexis.com\/de\/wp-content\/uploads\/2026\/03\/Support-2-1-380x439.png 380w, https:\/\/www.dyflexis.com\/de\/wp-content\/uploads\/2026\/03\/Support-2-1-450x520.png 450w\" sizes=\"auto, (max-width: 554px) 100vw, 554px\" \/><\/figure>\n<\/div>\n\n\n\n<div class=\"wp-block-column is-vertically-aligned-center spacer-column column-9 is-layout-flow wp-block-column-is-layout-flow\" style=\"flex-basis:9%\"><\/div>\n\n\n\n<div class=\"wp-block-column is-vertically-aligned-center column-50 is-layout-flow wp-block-column-is-layout-flow\" style=\"flex-basis:50%\">\n\n<div class=\"text-panel text-panel--right container-margin-mobile--negative md:tw-mx-0\">\n\t<div class=\"text-panel__inner tw-bg-white tw-py-10 tw-flex tw-flex-col tw-gap-10 tw-px-10 md:tw-pt-[79px] lg:tw-pb-[89px] md:tw-pr-[40px] lg:tw-pr-[80px] md:tw-pl-[30px] lg:tw-pl-[60px]\">\n\t\t\t\t\t<h2 class=\"tw-m-0 !tw-text-core\">Datenbank<\/h2>\n\t\t\n\t\t\t\t\t<div class=\"wysiwyg__content\"><p>Haben Sie Fragen zu Dyflexis? Klicken Sie dann auf den<br \/>\nuntenstehenden Button. Sie m\u00fcssen angemeldet sein,<br \/>\num auf die Datenbank zugreifen zu k\u00f6nnen. In unserem<br \/>\nSystem k\u00f6nnen Sie auch auf die Datenbank zugreifen,<br \/>\nindem Sie auf das Fragezeichen oben rechts auf der<br \/>\nSeite klicken. Haben Sie keine Antwort auf Ihre Frage<br \/>\ngefunden? Dann kontaktieren Sie unser Supportteam.<\/p>\n<\/div>\t\t\n\t\t\t\t\t<div class=\"button-wrapper tw-flex tw-flex-col md:tw-flex-row tw-flex-wrap tw-gap-5 md:tw-pb-[45px]\">\n\t\t\t\t\t\t\t\t\t\t\t\t\t\t\t\n<a data-dyflexis-popup-btn=\"false\"\n      href=\"\/de\/support\/\" target=\"\"\n   class=\"btn button--blue\"\n   >\n   Zur Datenbank<\/a>\t\t\t\t\t\t\t\t\t\t\t\t<\/div>\n\t\t\t<\/div>\n<\/div>\n<\/div>\n<\/div>\n\n<\/div>\n\t<\/div>\n\n    <\/div>\n\n\n\n<div class=\"block__background  container-padding-mobile lg:container-padding-desktop break-container-padding tw-relative tw-bg-transparent tw-pt-[80px] tw-pb-[80px] tw-bg-cover tw-bg-no-repeat 3xl:!tw-bg-none\" style=\"\">\n\t\n\t        <div class=\"tw-absolute glow__block tw-pointer-events-none tw-top-[50%] tw-translate-y-[-50%] tw-scale-x-[-1] tw-translate-x-[-64%] sm:tw-translate-x-[-44%] md:tw-translate-x-[-28%] lg:tw-translate-x-[3%] 3xl:tw-translate-x-[-6%]\">\n            <img decoding=\"async\" src=\"https:\/\/www.dyflexis.com\/de\/wp-content\/themes\/dyflexis-wp-child-theme\/assets\/images\/gradients\/gradient_03.svg\" class=\"tw-max-w-none\" alt=\"Hintergrundgl\u00fchen\"\/>\n        <\/div>\n\t\n\t<div class=\"block__background__content tw-w-full tw-mx-auto tw-max-w-[1352px] tw-relative tw-z-10\">\n\t\t<div class=\"block__background__columns__container tw-flex tw-flex-col tw-flex tw-flex-col tw-gap-[80px] lg:tw-gap-[160px]\">\n\n<div class=\"wp-block-columns layout-asymmetric-right-left is-layout-flex wp-container-core-columns-is-layout-9d6595d7 wp-block-columns-is-layout-flex\">\n<div class=\"wp-block-column is-vertically-aligned-center column-50 is-layout-flow wp-block-column-is-layout-flow\" style=\"flex-basis:50%\">\n\n<div class=\"text-panel text-panel--left container-margin-mobile--negative md:tw-mx-0\">\n\t<div class=\"text-panel__inner tw-bg-white tw-py-10 tw-flex tw-flex-col tw-gap-10 tw-px-10 md:tw-pt-[79px] lg:tw-pb-[89px] md:tw-pl-[40px] lg:tw-pl-[80px] md:tw-pr-[30px] lg:tw-pr-[60px]\">\n\t\t\t\t\t<h2 class=\"tw-m-0 !tw-text-core\">Alles in einer App<\/h2>\n\t\t\n\t\t\t\t\t<div class=\"wysiwyg__content\"><p>Die Dyflexis-App bietet viele Vorteile. Auf diese Weise<br \/>\nist Ihr Arbeitsplan \u00fcbersichtlich und Sie k\u00f6nnen Ihre<br \/>\nVerf\u00fcgbarkeit per Smartphone mitteilen. M\u00f6chten Sie<br \/>\nsehen, mit welchen Kollegen Sie heute<br \/>\nzusammenarbeiten? Laden Sie dann die App f\u00fcr<br \/>\nAndroid- oder iOS-Ger\u00e4te herunter.<\/p>\n<\/div>\t\t\n\t\t\t\t\t<div class=\"button-wrapper tw-flex tw-flex-col md:tw-flex-row tw-flex-wrap tw-gap-5 md:tw-pb-[45px]\">\n\t\t\t\t\t\t\t\t\t\t\t\t\t\t\t\n<a data-dyflexis-popup-btn=\"false\"\n      href=\"https:\/\/play.google.com\/store\/apps\/details?id=com.wodanbrothers.dyflexis&#038;hl=de\" target=\"_blank\"\n   class=\"btn button--blue\"\n   >\n   App f\u00fcr Android<\/a>\t\t\t\t\t\t\t\t\t\t\t\t\t\t\t\t\t\t\t\t\n<a data-dyflexis-popup-btn=\"false\"\n      href=\"https:\/\/apps.apple.com\/de\/app\/dyflexis-planning\/id983274932\" target=\"_blank\"\n   class=\"btn button--blue\"\n   >\n   App f\u00fcr iOS<\/a>\t\t\t\t\t\t\t\t\t\t\t\t<\/div>\n\t\t\t<\/div>\n<\/div>\n<\/div>\n\n\n\n<div class=\"wp-block-column is-vertically-aligned-center spacer-column column-9 is-layout-flow wp-block-column-is-layout-flow\" style=\"flex-basis:9%\"><\/div>\n\n\n\n<div class=\"wp-block-column is-vertically-aligned-center column-41 is-layout-flow wp-block-column-is-layout-flow column--has-image\" style=\"flex-basis:41%\">\n<figure class=\"wp-block-image size-full\"><img loading=\"lazy\" decoding=\"async\" width=\"554\" height=\"640\" src=\"https:\/\/www.dyflexis.com\/de\/wp-content\/uploads\/2026\/03\/Support-2-\u2013-1-1.png\" alt=\"\" class=\"wp-image-29416\" srcset=\"https:\/\/www.dyflexis.com\/de\/wp-content\/uploads\/2026\/03\/Support-2-\u2013-1-1.png 554w, https:\/\/www.dyflexis.com\/de\/wp-content\/uploads\/2026\/03\/Support-2-\u2013-1-1-415x479.png 415w, https:\/\/www.dyflexis.com\/de\/wp-content\/uploads\/2026\/03\/Support-2-\u2013-1-1-29x33.png 29w, https:\/\/www.dyflexis.com\/de\/wp-content\/uploads\/2026\/03\/Support-2-\u2013-1-1-40x46.png 40w, https:\/\/www.dyflexis.com\/de\/wp-content\/uploads\/2026\/03\/Support-2-\u2013-1-1-260x300.png 260w, https:\/\/www.dyflexis.com\/de\/wp-content\/uploads\/2026\/03\/Support-2-\u2013-1-1-94x109.png 94w, https:\/\/www.dyflexis.com\/de\/wp-content\/uploads\/2026\/03\/Support-2-\u2013-1-1-250x289.png 250w, https:\/\/www.dyflexis.com\/de\/wp-content\/uploads\/2026\/03\/Support-2-\u2013-1-1-380x439.png 380w, https:\/\/www.dyflexis.com\/de\/wp-content\/uploads\/2026\/03\/Support-2-\u2013-1-1-450x520.png 450w\" sizes=\"auto, (max-width: 554px) 100vw, 554px\" \/><\/figure>\n<\/div>\n<\/div>\n\n<\/div>\n\t<\/div>\n\n    <\/div>\n","protected":false},"excerpt":{"rendered":"","protected":false},"author":13,"featured_media":0,"parent":0,"menu_order":0,"comment_status":"closed","ping_status":"closed","template":"page-login.php","meta":{"_acf_changed":false,"inline_featured_image":false,"editor_notices":[],"footnotes":""},"tags":[],"class_list":["post-17633","page","type-page","status-publish","hentry"],"acf":[],"yoast_head":"<title>Einloggen ins Dyflexis | Personalplanungs- und Zeiterfassungssoftware<\/title>\n<meta name=\"description\" content=\"Mit Dyflexis \u00fcberall ihre Dienstpl\u00e4ne einsehen. Melden Sie sich hier bei Ihrem System an! Personalplanungs- und Zeiterfassungssoftware\" \/>\n<meta name=\"robots\" content=\"index, follow, max-snippet:-1, max-image-preview:large, max-video-preview:-1\" \/>\n<link rel=\"canonical\" href=\"https:\/\/www.dyflexis.com\/de\/einloggen\/\" \/>\n<meta property=\"og:locale\" content=\"de_DE\" \/>\n<meta property=\"og:type\" content=\"article\" \/>\n<meta property=\"og:title\" content=\"Einloggen ins Dyflexis | Personalplanungs- und Zeiterfassungssoftware\" \/>\n<meta property=\"og:description\" content=\"Mit Dyflexis \u00fcberall ihre Dienstpl\u00e4ne einsehen. Melden Sie sich hier bei Ihrem System an! Personalplanungs- und Zeiterfassungssoftware\" \/>\n<meta property=\"og:url\" content=\"https:\/\/www.dyflexis.com\/de\/einloggen\/\" \/>\n<meta property=\"og:site_name\" content=\"Dyflexis (DE)\" \/>\n<meta property=\"article:modified_time\" content=\"2026-03-02T08:59:50+00:00\" \/>\n<meta property=\"og:image\" content=\"https:\/\/www.dyflexis.com\/de\/wp-content\/uploads\/2026\/03\/Support-2-1.png\" \/>\n<meta name=\"twitter:card\" content=\"summary_large_image\" \/>\n<meta name=\"twitter:label1\" content=\"Gesch\u00e4tzte Lesezeit\" \/>\n\t<meta name=\"twitter:data1\" content=\"1\u00a0Minute\" \/>\n<script type=\"application\/ld+json\" class=\"yoast-schema-graph\">{\"@context\":\"https:\/\/schema.org\",\"@graph\":[{\"@type\":\"WebPage\",\"@id\":\"https:\/\/www.dyflexis.com\/de\/einloggen\/\",\"url\":\"https:\/\/www.dyflexis.com\/de\/einloggen\/\",\"name\":\"Einloggen ins Dyflexis | Personalplanungs- und Zeiterfassungssoftware\",\"isPartOf\":{\"@id\":\"https:\/\/www.dyflexis.com\/de\/#website\"},\"primaryImageOfPage\":{\"@id\":\"https:\/\/www.dyflexis.com\/de\/einloggen\/#primaryimage\"},\"image\":{\"@id\":\"https:\/\/www.dyflexis.com\/de\/einloggen\/#primaryimage\"},\"thumbnailUrl\":\"https:\/\/www.dyflexis.com\/de\/wp-content\/uploads\/2026\/03\/Support-2-1.png\",\"datePublished\":\"2019-06-14T13:07:42+00:00\",\"dateModified\":\"2026-03-02T08:59:50+00:00\",\"description\":\"Mit Dyflexis \u00fcberall ihre Dienstpl\u00e4ne einsehen. Melden Sie sich hier bei Ihrem System an! Personalplanungs- und Zeiterfassungssoftware\",\"breadcrumb\":{\"@id\":\"https:\/\/www.dyflexis.com\/de\/einloggen\/#breadcrumb\"},\"inLanguage\":\"de\",\"potentialAction\":[{\"@type\":\"ReadAction\",\"target\":[\"https:\/\/www.dyflexis.com\/de\/einloggen\/\"]}]},{\"@type\":\"ImageObject\",\"inLanguage\":\"de\",\"@id\":\"https:\/\/www.dyflexis.com\/de\/einloggen\/#primaryimage\",\"url\":\"https:\/\/www.dyflexis.com\/de\/wp-content\/uploads\/2026\/03\/Support-2-1.png\",\"contentUrl\":\"https:\/\/www.dyflexis.com\/de\/wp-content\/uploads\/2026\/03\/Support-2-1.png\"},{\"@type\":\"BreadcrumbList\",\"@id\":\"https:\/\/www.dyflexis.com\/de\/einloggen\/#breadcrumb\",\"itemListElement\":[{\"@type\":\"ListItem\",\"position\":1,\"name\":\"Home\",\"item\":\"https:\/\/www.dyflexis.com\/de\/\"},{\"@type\":\"ListItem\",\"position\":2,\"name\":\"Login\"}]},{\"@type\":\"WebSite\",\"@id\":\"https:\/\/www.dyflexis.com\/de\/#website\",\"url\":\"https:\/\/www.dyflexis.com\/de\/\",\"name\":\"Dyflexis\",\"description\":\"Dyflexis Workforce Management | Bigger Together\",\"publisher\":{\"@id\":\"https:\/\/www.dyflexis.com\/de\/#organization\"},\"alternateName\":\"Dyflexis Workforce Management\",\"potentialAction\":[{\"@type\":\"SearchAction\",\"target\":{\"@type\":\"EntryPoint\",\"urlTemplate\":\"https:\/\/www.dyflexis.com\/de\/?s={search_term_string}\"},\"query-input\":{\"@type\":\"PropertyValueSpecification\",\"valueRequired\":true,\"valueName\":\"search_term_string\"}}],\"inLanguage\":\"de\"},{\"@type\":\"Organization\",\"@id\":\"https:\/\/www.dyflexis.com\/de\/#organization\",\"name\":\"Dyflexis\",\"alternateName\":\"Dyflexis Workforce Management\",\"url\":\"https:\/\/www.dyflexis.com\/de\/\",\"logo\":{\"@type\":\"ImageObject\",\"inLanguage\":\"de\",\"@id\":\"https:\/\/www.dyflexis.com\/de\/#\/schema\/logo\/image\/\",\"url\":\"https:\/\/www.dyflexis.com\/de\/wp-content\/uploads\/2026\/03\/LinkedIn-Company-Logo.jpg\",\"contentUrl\":\"https:\/\/www.dyflexis.com\/de\/wp-content\/uploads\/2026\/03\/LinkedIn-Company-Logo.jpg\",\"width\":300,\"height\":300,\"caption\":\"Dyflexis\"},\"image\":{\"@id\":\"https:\/\/www.dyflexis.com\/de\/#\/schema\/logo\/image\/\"}}]}<\/script>","yoast_head_json":{"title":"Einloggen ins Dyflexis | Personalplanungs- und Zeiterfassungssoftware","description":"Mit Dyflexis \u00fcberall ihre Dienstpl\u00e4ne einsehen. Melden Sie sich hier bei Ihrem System an! Personalplanungs- und Zeiterfassungssoftware","robots":{"index":"index","follow":"follow","max-snippet":"max-snippet:-1","max-image-preview":"max-image-preview:large","max-video-preview":"max-video-preview:-1"},"canonical":"https:\/\/www.dyflexis.com\/de\/einloggen\/","og_locale":"de_DE","og_type":"article","og_title":"Einloggen ins Dyflexis | Personalplanungs- und Zeiterfassungssoftware","og_description":"Mit Dyflexis \u00fcberall ihre Dienstpl\u00e4ne einsehen. Melden Sie sich hier bei Ihrem System an! Personalplanungs- und Zeiterfassungssoftware","og_url":"https:\/\/www.dyflexis.com\/de\/einloggen\/","og_site_name":"Dyflexis (DE)","article_modified_time":"2026-03-02T08:59:50+00:00","og_image":[{"url":"https:\/\/www.dyflexis.com\/de\/wp-content\/uploads\/2026\/03\/Support-2-1.png","type":"","width":"","height":""}],"twitter_card":"summary_large_image","twitter_misc":{"Gesch\u00e4tzte Lesezeit":"1\u00a0Minute"},"schema":{"@context":"https:\/\/schema.org","@graph":[{"@type":"WebPage","@id":"https:\/\/www.dyflexis.com\/de\/einloggen\/","url":"https:\/\/www.dyflexis.com\/de\/einloggen\/","name":"Einloggen ins Dyflexis | Personalplanungs- und Zeiterfassungssoftware","isPartOf":{"@id":"https:\/\/www.dyflexis.com\/de\/#website"},"primaryImageOfPage":{"@id":"https:\/\/www.dyflexis.com\/de\/einloggen\/#primaryimage"},"image":{"@id":"https:\/\/www.dyflexis.com\/de\/einloggen\/#primaryimage"},"thumbnailUrl":"https:\/\/www.dyflexis.com\/de\/wp-content\/uploads\/2026\/03\/Support-2-1.png","datePublished":"2019-06-14T13:07:42+00:00","dateModified":"2026-03-02T08:59:50+00:00","description":"Mit Dyflexis \u00fcberall ihre Dienstpl\u00e4ne einsehen. Melden Sie sich hier bei Ihrem System an! Personalplanungs- und Zeiterfassungssoftware","breadcrumb":{"@id":"https:\/\/www.dyflexis.com\/de\/einloggen\/#breadcrumb"},"inLanguage":"de","potentialAction":[{"@type":"ReadAction","target":["https:\/\/www.dyflexis.com\/de\/einloggen\/"]}]},{"@type":"ImageObject","inLanguage":"de","@id":"https:\/\/www.dyflexis.com\/de\/einloggen\/#primaryimage","url":"https:\/\/www.dyflexis.com\/de\/wp-content\/uploads\/2026\/03\/Support-2-1.png","contentUrl":"https:\/\/www.dyflexis.com\/de\/wp-content\/uploads\/2026\/03\/Support-2-1.png"},{"@type":"BreadcrumbList","@id":"https:\/\/www.dyflexis.com\/de\/einloggen\/#breadcrumb","itemListElement":[{"@type":"ListItem","position":1,"name":"Home","item":"https:\/\/www.dyflexis.com\/de\/"},{"@type":"ListItem","position":2,"name":"Login"}]},{"@type":"WebSite","@id":"https:\/\/www.dyflexis.com\/de\/#website","url":"https:\/\/www.dyflexis.com\/de\/","name":"Dyflexis","description":"Dyflexis Workforce Management | Bigger Together","publisher":{"@id":"https:\/\/www.dyflexis.com\/de\/#organization"},"alternateName":"Dyflexis Workforce Management","potentialAction":[{"@type":"SearchAction","target":{"@type":"EntryPoint","urlTemplate":"https:\/\/www.dyflexis.com\/de\/?s={search_term_string}"},"query-input":{"@type":"PropertyValueSpecification","valueRequired":true,"valueName":"search_term_string"}}],"inLanguage":"de"},{"@type":"Organization","@id":"https:\/\/www.dyflexis.com\/de\/#organization","name":"Dyflexis","alternateName":"Dyflexis Workforce Management","url":"https:\/\/www.dyflexis.com\/de\/","logo":{"@type":"ImageObject","inLanguage":"de","@id":"https:\/\/www.dyflexis.com\/de\/#\/schema\/logo\/image\/","url":"https:\/\/www.dyflexis.com\/de\/wp-content\/uploads\/2026\/03\/LinkedIn-Company-Logo.jpg","contentUrl":"https:\/\/www.dyflexis.com\/de\/wp-content\/uploads\/2026\/03\/LinkedIn-Company-Logo.jpg","width":300,"height":300,"caption":"Dyflexis"},"image":{"@id":"https:\/\/www.dyflexis.com\/de\/#\/schema\/logo\/image\/"}}]}},"_links":{"self":[{"href":"https:\/\/www.dyflexis.com\/de\/wp-json\/wp\/v2\/pages\/17633","targetHints":{"allow":["GET"]}}],"collection":[{"href":"https:\/\/www.dyflexis.com\/de\/wp-json\/wp\/v2\/pages"}],"about":[{"href":"https:\/\/www.dyflexis.com\/de\/wp-json\/wp\/v2\/types\/page"}],"author":[{"embeddable":true,"href":"https:\/\/www.dyflexis.com\/de\/wp-json\/wp\/v2\/users\/13"}],"replies":[{"embeddable":true,"href":"https:\/\/www.dyflexis.com\/de\/wp-json\/wp\/v2\/comments?post=17633"}],"version-history":[{"count":19,"href":"https:\/\/www.dyflexis.com\/de\/wp-json\/wp\/v2\/pages\/17633\/revisions"}],"predecessor-version":[{"id":27016,"href":"https:\/\/www.dyflexis.com\/de\/wp-json\/wp\/v2\/pages\/17633\/revisions\/27016"}],"wp:attachment":[{"href":"https:\/\/www.dyflexis.com\/de\/wp-json\/wp\/v2\/media?parent=17633"}],"wp:term":[{"taxonomy":"post_tag","embeddable":true,"href":"https:\/\/www.dyflexis.com\/de\/wp-json\/wp\/v2\/tags?post=17633"}],"curies":[{"name":"wp","href":"https:\/\/api.w.org\/{rel}","templated":true}]}}